{"id":7115,"date":"2021-11-11T22:24:26","date_gmt":"2021-11-11T22:24:26","guid":{"rendered":"https:\/\/vw-ingredients.com\/proveedores-de-estevia"},"modified":"2025-01-28T13:25:26","modified_gmt":"2025-01-28T13:25:26","slug":"proveedores-de-estevia","status":"publish","type":"page","link":"https:\/\/vw-ingredients.com\/es\/proveedores-de-estevia","title":{"rendered":"Proveedores de estevia"},"content":{"rendered":"\t\t<div data-elementor-type=\"wp-page\" data-elementor-id=\"7115\" class=\"elementor elementor-7115\" data-elementor-post-type=\"page\">\n\t\t\t\t\t\t<section class=\"elementor-section elementor-top-section elementor-element elementor-element-ddc7206 elementor-section-boxed elementor-section-height-default elementor-section-height-default\" data-id=\"ddc7206\" data-element_type=\"section\" data-e-type=\"section\" data-settings=\"{&quot;jet_parallax_layout_list&quot;:[]}\">\n\t\t\t\t\t\t<div class=\"elementor-container elementor-column-gap-default\">\n\t\t\t\t\t<div class=\"elementor-column elementor-col-50 elementor-top-column elementor-element elementor-element-a128652\" data-id=\"a128652\" data-element_type=\"column\" data-e-type=\"column\">\n\t\t\t<div class=\"elementor-widget-wrap elementor-element-populated\">\n\t\t\t\t\t\t<div class=\"elementor-element elementor-element-716e5c0 elementor-widget elementor-widget-text-editor\" data-id=\"716e5c0\" data-element_type=\"widget\" data-e-type=\"widget\" data-widget_type=\"text-editor.default\">\n\t\t\t\t<div class=\"elementor-widget-container\">\n\t\t\t\t\t\t\t\t\t<p>Van Wankum Ingredients es un proveedor de ingredientes de servicio completo para muchos clientes diferentes de los sectores de alimentaci\u00f3n y bebidas, cosm\u00e9tica, farmacia y salud. Ofrecemos ingredientes y aditivos de alta calidad. <\/p>\n<\/p>\n<p>Nuestros servicios incluyen muestreo, log\u00edstica rentable, documentos de calidad y consultor\u00eda. Nuestro equipo de expertos comerciales, log\u00edsticos, financieros y tecn\u00f3logos alimentarios comparten m\u00e1s de 30 a\u00f1os de experiencia profesional en todo el mundo y se comprometen a satisfacer las necesidades de los clientes. <\/p>\n<\/p>\n<h2>\u00bfQu\u00e9 es la estevia?<\/h2>\n<p>La estevia se utiliza en productos comerciales desde principios de la d\u00e9cada de 1970, cuando se populariz\u00f3 en Jap\u00f3n. Los japoneses empezaron a utilizar el edulcorante como sustituto de otros edulcorantes como el ciclamato y la sacarina. Actualmente, la estevia se utiliza en una amplia variedad de productos en todo el mundo. Consulta nuestra lista a continuaci\u00f3n para ver para qu\u00e9 productos es adecuada la estevia. La estevia est\u00e1 disponible en polvo o en forma l\u00edquida.    <\/p>\n<\/p>\n<h3>Beneficios de la Stevia<\/h3>\n<ul>\n<li>La estevia puede ser entre 30 y 350 veces m\u00e1s dulce que el az\u00facar<\/li>\n<li>La estevia no estimula la caries dental<\/li>\n<li>La estevia no tiene calor\u00edas<\/li>\n<li>Tanto los diab\u00e9ticos como los no diab\u00e9ticos pueden consumir Stevia con seguridad<\/li>\n<\/ul>\n<h2>Proveedores de estevia<\/h2>\n<p>Suministramos Stevia a clientes de todo el mundo. Hemos dise\u00f1ado una gesti\u00f3n de la cadena de suministro de alto funcionamiento a trav\u00e9s de la cual podemos garantizar: <\/p>\n<\/p>\n<ul>\n<li>Entrega en 24 horas desde nuestros almacenes a nuestros clientes dentro de la Uni\u00f3n Europea<\/li>\n<li>M\u00e1s de 20 a\u00f1os de experiencia en abastecimiento en China e India<\/li>\n<li>Almacenes y entregas acondicionados<\/li>\n<li>Acciones estrat\u00e9gicamente situadas en toda Europa<\/li>\n<li>Garant\u00eda de calidad conforme a la normativa industrial.<\/li>\n<\/ul>\n<p>Gracias a la estrecha colaboraci\u00f3n con nuestro socio de la cadena de suministro, podemos abordar b\u00e1sicamente cualquier problema, oportunidad o reto de la cadena de suministro.<\/p>\n<\/p>\n<h3>Aplicaciones de la estevia en polvo<\/h3>\n<ul>\n<li>Bebidas y mezclas de bebidas<\/li>\n<li>Bebidas carbonatadas<\/li>\n<li>Bebidas sin gas<\/li>\n<li>Caramelos duros y blandos<\/li>\n<li>Mermeladas y jaleas<\/li>\n<li>Caramelos masticables y pastillas<\/li>\n<li>Caf\u00e9 y t\u00e9<\/li>\n<li>Productos l\u00e1cteos<\/li>\n<li>Frutas procesadas y zumos de frutas<\/li>\n<li>Verduras procesadas y zumos de verduras<\/li>\n<li>Dulces y glaseados<\/li>\n<li>Productos Nutricionales y Diet\u00e9ticos<\/li>\n<li>Edulcorantes de mesa<\/li>\n<li>Fruta procesada<\/li>\n<li>Chicle<\/li>\n<li>Productos de mezcla seca<\/li>\n<li>Frutas para untar<\/li>\n<li>Postres congelados<\/li>\n<li>Ali\u00f1os para ensaladas<\/li>\n<\/ul>\n<h2>Ingredientes Van Wankum<\/h2>\n<p>Van Wankum Ingredients siempre busca oportunidades respetuosas con el medio ambiente y \u00abverdes\u00bb para sus productos y principios. Defendemos las relaciones a largo plazo con nuestros clientes y un servicio de alta calidad. \u00bfQuieres m\u00e1s informaci\u00f3n sobre nuestros servicios como proveedores de Stevia o solicitar una muestra de Stevia? No dudes en ponerte en contacto con nosotros.   <\/p>\n\t\t\t\t\t\t\t\t<\/div>\n\t\t\t\t<\/div>\n\t\t\t\t\t<\/div>\n\t\t<\/div>\n\t\t\t\t<div class=\"elementor-column elementor-col-50 elementor-top-column elementor-element elementor-element-5d724d4\" data-id=\"5d724d4\" data-element_type=\"column\" data-e-type=\"column\">\n\t\t\t<div class=\"elementor-widget-wrap elementor-element-populated\">\n\t\t\t\t\t\t<section class=\"elementor-section elementor-inner-section elementor-element elementor-element-f4364dc elementor-section-height-min-height elementor-section-boxed elementor-section-height-default elementor-invisible\" data-id=\"f4364dc\" data-element_type=\"section\" data-e-type=\"section\" data-settings=\"{&quot;sticky&quot;:&quot;top&quot;,&quot;sticky_on&quot;:[&quot;desktop&quot;],&quot;sticky_parent&quot;:&quot;yes&quot;,&quot;sticky_offset&quot;:125,&quot;animation&quot;:&quot;fadeInRight&quot;,&quot;jet_parallax_layout_list&quot;:[],&quot;sticky_effects_offset&quot;:0,&quot;sticky_anchor_link_offset&quot;:0}\">\n\t\t\t\t\t\t<div class=\"elementor-container elementor-column-gap-default\">\n\t\t\t\t\t<div class=\"elementor-column elementor-col-100 elementor-inner-column elementor-element elementor-element-fdc73ad\" data-id=\"fdc73ad\" data-element_type=\"column\" data-e-type=\"column\" data-settings=\"{&quot;background_background&quot;:&quot;classic&quot;}\">\n\t\t\t<div class=\"elementor-widget-wrap elementor-element-populated\">\n\t\t\t\t\t\t<div class=\"elementor-element elementor-element-200cafd elementor-widget elementor-widget-heading\" data-id=\"200cafd\" data-element_type=\"widget\" data-e-type=\"widget\" data-widget_type=\"heading.default\">\n\t\t\t\t<div class=\"elementor-widget-container\">\n\t\t\t\t\t<h2 class=\"elementor-heading-title elementor-size-default\">Solicitar muestras<\/h2>\t\t\t\t<\/div>\n\t\t\t\t<\/div>\n\t\t\t\t<div class=\"elementor-element elementor-element-7b5f110 elementor-widget elementor-widget-text-editor\" data-id=\"7b5f110\" data-element_type=\"widget\" data-e-type=\"widget\" data-widget_type=\"text-editor.default\">\n\t\t\t\t<div class=\"elementor-widget-container\">\n\t\t\t\t\t\t\t\t\t<p>Ind\u00edcanos qu\u00e9 muestras quieres recibir. Selecciona tus muestras en nuestra lista de productos y haz clic en enviar. <\/p>\n\t\t\t\t\t\t\t\t<\/div>\n\t\t\t\t<\/div>\n\t\t\t\t<div class=\"elementor-element elementor-element-68c8a2e elementor-widget elementor-widget-button\" data-id=\"68c8a2e\" data-element_type=\"widget\" data-e-type=\"widget\" data-widget_type=\"button.default\">\n\t\t\t\t<div class=\"elementor-widget-container\">\n\t\t\t\t\t\t\t\t\t<div class=\"elementor-button-wrapper\">\n\t\t\t\t\t<a class=\"elementor-button elementor-button-link elementor-size-sm\" href=\"\/products\/\">\n\t\t\t\t\t\t<span class=\"elementor-button-content-wrapper\">\n\t\t\t\t\t\t\t\t\t<span class=\"elementor-button-text\">Solicitar muestras<\/span>\n\t\t\t\t\t<\/span>\n\t\t\t\t\t<\/a>\n\t\t\t\t<\/div>\n\t\t\t\t\t\t\t\t<\/div>\n\t\t\t\t<\/div>\n\t\t\t\t\t<\/div>\n\t\t<\/div>\n\t\t\t\t\t<\/div>\n\t\t<\/section>\n\t\t\t\t\t<\/div>\n\t\t<\/div>\n\t\t\t\t\t<\/div>\n\t\t<\/section>\n\t\t\t\t<\/div>\n\t\t","protected":false},"excerpt":{"rendered":"<p>Van Wankum Ingredients es un proveedor de ingredientes de servicio completo para muchos clientes diferentes de los sectores de alimentaci\u00f3n y bebidas, cosm\u00e9tica, farmacia y salud. Ofrecemos ingredientes y aditivos de alta calidad. Nuestros servicios incluyen muestreo, log\u00edstica rentable, documentos de calidad y consultor\u00eda. Nuestro equipo de expertos comerciales, log\u00edsticos, financieros y tecn\u00f3logos alimentarios comparten [&hellip;]<\/p>\n","protected":false},"author":6,"featured_media":0,"parent":0,"menu_order":0,"comment_status":"closed","ping_status":"closed","template":"elementor_header_footer","meta":{"_acf_changed":false,"footnotes":""},"class_list":["post-7115","page","type-page","status-publish","hentry"],"acf":[],"yoast_head":"<!-- This site is optimized with the Yoast SEO plugin v27.3 - https:\/\/yoast.com\/product\/yoast-seo-wordpress\/ -->\n<title>Proveedores de Stevia - Van Wankum Ingredients<\/title>\n<meta name=\"description\" content=\"\u00bfCu\u00e1les son los beneficios de la Stevia? Van Wankum Ingredientes. \u2713Equipo de expertos \u2713Experiencia en todo el mundo \u2713Proveedor de ingredientes de servicio completo\" \/>\n<meta name=\"robots\" content=\"index, follow, max-snippet:-1, max-image-preview:large, max-video-preview:-1\" \/>\n<link rel=\"canonical\" href=\"https:\/\/vw-ingredients.com\/es\/proveedores-de-estevia\" \/>\n<meta property=\"og:locale\" content=\"es_ES\" \/>\n<meta property=\"og:type\" content=\"article\" \/>\n<meta property=\"og:title\" content=\"Proveedores de Stevia - Van Wankum Ingredients\" \/>\n<meta property=\"og:description\" content=\"\u00bfCu\u00e1les son los beneficios de la Stevia? Van Wankum Ingredientes. \u2713Equipo de expertos \u2713Experiencia en todo el mundo \u2713Proveedor de ingredientes de servicio completo\" \/>\n<meta property=\"og:url\" content=\"https:\/\/vw-ingredients.com\/es\/proveedores-de-estevia\" \/>\n<meta property=\"og:site_name\" content=\"Van Wankum Ingredients\" \/>\n<meta property=\"article:modified_time\" content=\"2025-01-28T13:25:26+00:00\" \/>\n<meta name=\"twitter:card\" content=\"summary_large_image\" \/>\n<meta name=\"twitter:label1\" content=\"Tiempo de lectura\" \/>\n\t<meta name=\"twitter:data1\" content=\"2 minutos\" \/>\n<script type=\"application\/ld+json\" class=\"yoast-schema-graph\">{\"@context\":\"https:\\\/\\\/schema.org\",\"@graph\":[{\"@type\":\"WebPage\",\"@id\":\"https:\\\/\\\/vw-ingredients.com\\\/es\\\/proveedores-de-estevia\",\"url\":\"https:\\\/\\\/vw-ingredients.com\\\/es\\\/proveedores-de-estevia\",\"name\":\"Proveedores de Stevia - Van Wankum Ingredients\",\"isPartOf\":{\"@id\":\"https:\\\/\\\/vw-ingredients.com\\\/es#website\"},\"datePublished\":\"2021-11-11T22:24:26+00:00\",\"dateModified\":\"2025-01-28T13:25:26+00:00\",\"description\":\"\u00bfCu\u00e1les son los beneficios de la Stevia? Van Wankum Ingredientes. \u2713Equipo de expertos \u2713Experiencia en todo el mundo \u2713Proveedor de ingredientes de servicio completo\",\"breadcrumb\":{\"@id\":\"https:\\\/\\\/vw-ingredients.com\\\/es\\\/proveedores-de-estevia#breadcrumb\"},\"inLanguage\":\"es\",\"potentialAction\":[{\"@type\":\"ReadAction\",\"target\":[\"https:\\\/\\\/vw-ingredients.com\\\/es\\\/proveedores-de-estevia\"]}]},{\"@type\":\"BreadcrumbList\",\"@id\":\"https:\\\/\\\/vw-ingredients.com\\\/es\\\/proveedores-de-estevia#breadcrumb\",\"itemListElement\":[{\"@type\":\"ListItem\",\"position\":1,\"name\":\"Home\",\"item\":\"https:\\\/\\\/vw-ingredients.com\\\/es\"},{\"@type\":\"ListItem\",\"position\":2,\"name\":\"Proveedores de estevia\"}]},{\"@type\":\"WebSite\",\"@id\":\"https:\\\/\\\/vw-ingredients.com\\\/es#website\",\"url\":\"https:\\\/\\\/vw-ingredients.com\\\/es\",\"name\":\"Van Wankum Ingredients\",\"description\":\"\",\"potentialAction\":[{\"@type\":\"SearchAction\",\"target\":{\"@type\":\"EntryPoint\",\"urlTemplate\":\"https:\\\/\\\/vw-ingredients.com\\\/es?s={search_term_string}\"},\"query-input\":{\"@type\":\"PropertyValueSpecification\",\"valueRequired\":true,\"valueName\":\"search_term_string\"}}],\"inLanguage\":\"es\"}]}<\/script>\n<!-- \/ Yoast SEO plugin. -->","yoast_head_json":{"title":"Proveedores de Stevia - Van Wankum Ingredients","description":"\u00bfCu\u00e1les son los beneficios de la Stevia? Van Wankum Ingredientes. \u2713Equipo de expertos \u2713Experiencia en todo el mundo \u2713Proveedor de ingredientes de servicio completo","robots":{"index":"index","follow":"follow","max-snippet":"max-snippet:-1","max-image-preview":"max-image-preview:large","max-video-preview":"max-video-preview:-1"},"canonical":"https:\/\/vw-ingredients.com\/es\/proveedores-de-estevia","og_locale":"es_ES","og_type":"article","og_title":"Proveedores de Stevia - Van Wankum Ingredients","og_description":"\u00bfCu\u00e1les son los beneficios de la Stevia? Van Wankum Ingredientes. \u2713Equipo de expertos \u2713Experiencia en todo el mundo \u2713Proveedor de ingredientes de servicio completo","og_url":"https:\/\/vw-ingredients.com\/es\/proveedores-de-estevia","og_site_name":"Van Wankum Ingredients","article_modified_time":"2025-01-28T13:25:26+00:00","twitter_card":"summary_large_image","twitter_misc":{"Tiempo de lectura":"2 minutos"},"schema":{"@context":"https:\/\/schema.org","@graph":[{"@type":"WebPage","@id":"https:\/\/vw-ingredients.com\/es\/proveedores-de-estevia","url":"https:\/\/vw-ingredients.com\/es\/proveedores-de-estevia","name":"Proveedores de Stevia - Van Wankum Ingredients","isPartOf":{"@id":"https:\/\/vw-ingredients.com\/es#website"},"datePublished":"2021-11-11T22:24:26+00:00","dateModified":"2025-01-28T13:25:26+00:00","description":"\u00bfCu\u00e1les son los beneficios de la Stevia? Van Wankum Ingredientes. \u2713Equipo de expertos \u2713Experiencia en todo el mundo \u2713Proveedor de ingredientes de servicio completo","breadcrumb":{"@id":"https:\/\/vw-ingredients.com\/es\/proveedores-de-estevia#breadcrumb"},"inLanguage":"es","potentialAction":[{"@type":"ReadAction","target":["https:\/\/vw-ingredients.com\/es\/proveedores-de-estevia"]}]},{"@type":"BreadcrumbList","@id":"https:\/\/vw-ingredients.com\/es\/proveedores-de-estevia#breadcrumb","itemListElement":[{"@type":"ListItem","position":1,"name":"Home","item":"https:\/\/vw-ingredients.com\/es"},{"@type":"ListItem","position":2,"name":"Proveedores de estevia"}]},{"@type":"WebSite","@id":"https:\/\/vw-ingredients.com\/es#website","url":"https:\/\/vw-ingredients.com\/es","name":"Van Wankum Ingredients","description":"","potentialAction":[{"@type":"SearchAction","target":{"@type":"EntryPoint","urlTemplate":"https:\/\/vw-ingredients.com\/es?s={search_term_string}"},"query-input":{"@type":"PropertyValueSpecification","valueRequired":true,"valueName":"search_term_string"}}],"inLanguage":"es"}]}},"_links":{"self":[{"href":"https:\/\/vw-ingredients.com\/es\/wp-json\/wp\/v2\/pages\/7115","targetHints":{"allow":["GET"]}}],"collection":[{"href":"https:\/\/vw-ingredients.com\/es\/wp-json\/wp\/v2\/pages"}],"about":[{"href":"https:\/\/vw-ingredients.com\/es\/wp-json\/wp\/v2\/types\/page"}],"author":[{"embeddable":true,"href":"https:\/\/vw-ingredients.com\/es\/wp-json\/wp\/v2\/users\/6"}],"replies":[{"embeddable":true,"href":"https:\/\/vw-ingredients.com\/es\/wp-json\/wp\/v2\/comments?post=7115"}],"version-history":[{"count":1,"href":"https:\/\/vw-ingredients.com\/es\/wp-json\/wp\/v2\/pages\/7115\/revisions"}],"predecessor-version":[{"id":7117,"href":"https:\/\/vw-ingredients.com\/es\/wp-json\/wp\/v2\/pages\/7115\/revisions\/7117"}],"wp:attachment":[{"href":"https:\/\/vw-ingredients.com\/es\/wp-json\/wp\/v2\/media?parent=7115"}],"curies":[{"name":"wp","href":"https:\/\/api.w.org\/{rel}","templated":true}]}}