{"id":7088,"date":"2024-06-24T13:09:03","date_gmt":"2024-06-24T13:09:03","guid":{"rendered":"https:\/\/vw-ingredients.com\/confirmacion-de-reserva-4"},"modified":"2025-01-28T13:20:06","modified_gmt":"2025-01-28T13:20:06","slug":"confirmacion-de-reserva-4","status":"publish","type":"page","link":"https:\/\/vw-ingredients.com\/es\/confirmacion-de-reserva-4","title":{"rendered":"Confirmaci\u00f3n de reserva"},"content":{"rendered":"\t\t<div data-elementor-type=\"wp-page\" data-elementor-id=\"7088\" class=\"elementor elementor-7088 elementor-6131\" data-elementor-post-type=\"page\">\n\t\t\t\t<div class=\"elementor-element elementor-element-49f1749 e-flex e-con-boxed e-con e-parent\" data-id=\"49f1749\" data-element_type=\"container\" data-e-type=\"container\" data-settings=\"{&quot;jet_parallax_layout_list&quot;:[]}\">\n\t\t\t\t\t<div class=\"e-con-inner\">\n\t\t<div class=\"elementor-element elementor-element-13505fd e-flex e-con-boxed e-con e-child\" data-id=\"13505fd\" data-element_type=\"container\" data-e-type=\"container\" data-settings=\"{&quot;jet_parallax_layout_list&quot;:[]}\">\n\t\t\t\t\t<div class=\"e-con-inner\">\n\t\t<div class=\"elementor-element elementor-element-dc794d2 e-flex e-con-boxed e-con e-child\" data-id=\"dc794d2\" data-element_type=\"container\" data-e-type=\"container\" data-settings=\"{&quot;jet_parallax_layout_list&quot;:[]}\">\n\t\t\t\t\t<div class=\"e-con-inner\">\n\t\t\t\t<div class=\"elementor-element elementor-element-47686b1 elementor-widget__width-initial elementor-widget-divider--view-line elementor-widget elementor-widget-divider\" data-id=\"47686b1\" data-element_type=\"widget\" data-e-type=\"widget\" data-widget_type=\"divider.default\">\n\t\t\t\t<div class=\"elementor-widget-container\">\n\t\t\t\t\t\t\t<div class=\"elementor-divider\">\n\t\t\t<span class=\"elementor-divider-separator\">\n\t\t\t\t\t\t<\/span>\n\t\t<\/div>\n\t\t\t\t\t\t<\/div>\n\t\t\t\t<\/div>\n\t\t\t\t<div class=\"elementor-element elementor-element-52dd4f9 elementor-widget elementor-widget-heading\" data-id=\"52dd4f9\" data-element_type=\"widget\" data-e-type=\"widget\" data-widget_type=\"heading.default\">\n\t\t\t\t<div class=\"elementor-widget-container\">\n\t\t\t\t\t<h6 class=\"elementor-heading-title elementor-size-default\">Feria<\/h6>\t\t\t\t<\/div>\n\t\t\t\t<\/div>\n\t\t\t\t\t<\/div>\n\t\t\t\t<\/div>\n\t\t\t\t<div class=\"elementor-element elementor-element-53f4ae8 elementor-widget elementor-widget-heading\" data-id=\"53f4ae8\" data-element_type=\"widget\" data-e-type=\"widget\" data-widget_type=\"heading.default\">\n\t\t\t\t<div class=\"elementor-widget-container\">\n\t\t\t\t\t<h2 class=\"elementor-heading-title elementor-size-default\">Confirmaci\u00f3n de reserva<\/h2>\t\t\t\t<\/div>\n\t\t\t\t<\/div>\n\t\t\t\t<div class=\"elementor-element elementor-element-bba4777 elementor-widget elementor-widget-text-editor\" data-id=\"bba4777\" data-element_type=\"widget\" data-e-type=\"widget\" data-widget_type=\"text-editor.default\">\n\t\t\t\t<div class=\"elementor-widget-container\">\n\t\t\t\t\t\t\t\t\t<p style=\"font-weight: 400;\">Gracias por concertar la reuni\u00f3n. Estoy deseando hablar en detalle de nuestra posible cooperaci\u00f3n. <\/p>\n<p style=\"font-weight: 400;\">Valoramos mucho tu iniciativa y tu esfuerzo para organizarlo. Conf\u00edo en que nuestra conversaci\u00f3n sea productiva y beneficiosa para ambos. <\/p>\n<p style=\"font-weight: 400;\">Por favor, hazme saber si hay alg\u00fan material o informaci\u00f3n espec\u00edfica que deba preparar con antelaci\u00f3n.<\/p>\n<p style=\"font-weight: 400;\">Saludos cordiales,<\/p>\n<p>Christiaan Kits Nieuwenkamp<\/p>\n\t\t\t\t\t\t\t\t<\/div>\n\t\t\t\t<\/div>\n\t\t\t\t\t<\/div>\n\t\t\t\t<\/div>\n\t\t\t\t\t<\/div>\n\t\t\t\t<\/div>\n\t\t<div class=\"elementor-element elementor-element-c5e98bc e-con-full e-flex e-con e-parent\" data-id=\"c5e98bc\" data-element_type=\"container\" data-e-type=\"container\" data-settings=\"{&quot;jet_parallax_layout_list&quot;:[]}\">\n\t\t\t\t<\/div>\n\t\t\t\t<\/div>\n\t\t","protected":false},"excerpt":{"rendered":"<p>Feria Confirmaci\u00f3n de reserva Gracias por concertar la reuni\u00f3n. Estoy deseando hablar en detalle de nuestra posible cooperaci\u00f3n. Valoramos mucho tu iniciativa y tu esfuerzo para organizarlo. Conf\u00edo en que nuestra conversaci\u00f3n sea productiva y beneficiosa para ambos. Por favor, hazme saber si hay alg\u00fan material o informaci\u00f3n espec\u00edfica que deba preparar con antelaci\u00f3n. Saludos [&hellip;]<\/p>\n","protected":false},"author":2,"featured_media":0,"parent":0,"menu_order":0,"comment_status":"closed","ping_status":"closed","template":"","meta":{"_acf_changed":false,"footnotes":""},"class_list":["post-7088","page","type-page","status-publish","hentry"],"acf":[],"yoast_head":"<!-- This site is optimized with the Yoast SEO plugin v27.3 - https:\/\/yoast.com\/product\/yoast-seo-wordpress\/ -->\n<title>Confirmaci\u00f3n de reserva - Van Wankum Ingredients<\/title>\n<meta name=\"robots\" content=\"index, follow, max-snippet:-1, max-image-preview:large, max-video-preview:-1\" \/>\n<link rel=\"canonical\" href=\"https:\/\/vw-ingredients.com\/es\/confirmacion-de-reserva-4\" \/>\n<meta property=\"og:locale\" content=\"es_ES\" \/>\n<meta property=\"og:type\" content=\"article\" \/>\n<meta property=\"og:title\" content=\"Confirmaci\u00f3n de reserva - Van Wankum Ingredients\" \/>\n<meta property=\"og:description\" content=\"Feria Confirmaci\u00f3n de reserva Gracias por concertar la reuni\u00f3n. Estoy deseando hablar en detalle de nuestra posible cooperaci\u00f3n. Valoramos mucho tu iniciativa y tu esfuerzo para organizarlo. Conf\u00edo en que nuestra conversaci\u00f3n sea productiva y beneficiosa para ambos. Por favor, hazme saber si hay alg\u00fan material o informaci\u00f3n espec\u00edfica que deba preparar con antelaci\u00f3n. Saludos [&hellip;]\" \/>\n<meta property=\"og:url\" content=\"https:\/\/vw-ingredients.com\/es\/confirmacion-de-reserva-4\" \/>\n<meta property=\"og:site_name\" content=\"Van Wankum Ingredients\" \/>\n<meta property=\"article:modified_time\" content=\"2025-01-28T13:20:06+00:00\" \/>\n<meta name=\"twitter:card\" content=\"summary_large_image\" \/>\n<script type=\"application\/ld+json\" class=\"yoast-schema-graph\">{\"@context\":\"https:\\\/\\\/schema.org\",\"@graph\":[{\"@type\":\"WebPage\",\"@id\":\"https:\\\/\\\/vw-ingredients.com\\\/es\\\/confirmacion-de-reserva-4\",\"url\":\"https:\\\/\\\/vw-ingredients.com\\\/es\\\/confirmacion-de-reserva-4\",\"name\":\"Confirmaci\u00f3n de reserva - Van Wankum Ingredients\",\"isPartOf\":{\"@id\":\"https:\\\/\\\/vw-ingredients.com\\\/es#website\"},\"datePublished\":\"2024-06-24T13:09:03+00:00\",\"dateModified\":\"2025-01-28T13:20:06+00:00\",\"breadcrumb\":{\"@id\":\"https:\\\/\\\/vw-ingredients.com\\\/es\\\/confirmacion-de-reserva-4#breadcrumb\"},\"inLanguage\":\"es\",\"potentialAction\":[{\"@type\":\"ReadAction\",\"target\":[\"https:\\\/\\\/vw-ingredients.com\\\/es\\\/confirmacion-de-reserva-4\"]}]},{\"@type\":\"BreadcrumbList\",\"@id\":\"https:\\\/\\\/vw-ingredients.com\\\/es\\\/confirmacion-de-reserva-4#breadcrumb\",\"itemListElement\":[{\"@type\":\"ListItem\",\"position\":1,\"name\":\"Home\",\"item\":\"https:\\\/\\\/vw-ingredients.com\\\/es\"},{\"@type\":\"ListItem\",\"position\":2,\"name\":\"Confirmaci\u00f3n de reserva\"}]},{\"@type\":\"WebSite\",\"@id\":\"https:\\\/\\\/vw-ingredients.com\\\/es#website\",\"url\":\"https:\\\/\\\/vw-ingredients.com\\\/es\",\"name\":\"Van Wankum Ingredients\",\"description\":\"\",\"potentialAction\":[{\"@type\":\"SearchAction\",\"target\":{\"@type\":\"EntryPoint\",\"urlTemplate\":\"https:\\\/\\\/vw-ingredients.com\\\/es?s={search_term_string}\"},\"query-input\":{\"@type\":\"PropertyValueSpecification\",\"valueRequired\":true,\"valueName\":\"search_term_string\"}}],\"inLanguage\":\"es\"}]}<\/script>\n<!-- \/ Yoast SEO plugin. -->","yoast_head_json":{"title":"Confirmaci\u00f3n de reserva - Van Wankum Ingredients","robots":{"index":"index","follow":"follow","max-snippet":"max-snippet:-1","max-image-preview":"max-image-preview:large","max-video-preview":"max-video-preview:-1"},"canonical":"https:\/\/vw-ingredients.com\/es\/confirmacion-de-reserva-4","og_locale":"es_ES","og_type":"article","og_title":"Confirmaci\u00f3n de reserva - Van Wankum Ingredients","og_description":"Feria Confirmaci\u00f3n de reserva Gracias por concertar la reuni\u00f3n. Estoy deseando hablar en detalle de nuestra posible cooperaci\u00f3n. Valoramos mucho tu iniciativa y tu esfuerzo para organizarlo. Conf\u00edo en que nuestra conversaci\u00f3n sea productiva y beneficiosa para ambos. Por favor, hazme saber si hay alg\u00fan material o informaci\u00f3n espec\u00edfica que deba preparar con antelaci\u00f3n. Saludos [&hellip;]","og_url":"https:\/\/vw-ingredients.com\/es\/confirmacion-de-reserva-4","og_site_name":"Van Wankum Ingredients","article_modified_time":"2025-01-28T13:20:06+00:00","twitter_card":"summary_large_image","schema":{"@context":"https:\/\/schema.org","@graph":[{"@type":"WebPage","@id":"https:\/\/vw-ingredients.com\/es\/confirmacion-de-reserva-4","url":"https:\/\/vw-ingredients.com\/es\/confirmacion-de-reserva-4","name":"Confirmaci\u00f3n de reserva - Van Wankum Ingredients","isPartOf":{"@id":"https:\/\/vw-ingredients.com\/es#website"},"datePublished":"2024-06-24T13:09:03+00:00","dateModified":"2025-01-28T13:20:06+00:00","breadcrumb":{"@id":"https:\/\/vw-ingredients.com\/es\/confirmacion-de-reserva-4#breadcrumb"},"inLanguage":"es","potentialAction":[{"@type":"ReadAction","target":["https:\/\/vw-ingredients.com\/es\/confirmacion-de-reserva-4"]}]},{"@type":"BreadcrumbList","@id":"https:\/\/vw-ingredients.com\/es\/confirmacion-de-reserva-4#breadcrumb","itemListElement":[{"@type":"ListItem","position":1,"name":"Home","item":"https:\/\/vw-ingredients.com\/es"},{"@type":"ListItem","position":2,"name":"Confirmaci\u00f3n de reserva"}]},{"@type":"WebSite","@id":"https:\/\/vw-ingredients.com\/es#website","url":"https:\/\/vw-ingredients.com\/es","name":"Van Wankum Ingredients","description":"","potentialAction":[{"@type":"SearchAction","target":{"@type":"EntryPoint","urlTemplate":"https:\/\/vw-ingredients.com\/es?s={search_term_string}"},"query-input":{"@type":"PropertyValueSpecification","valueRequired":true,"valueName":"search_term_string"}}],"inLanguage":"es"}]}},"_links":{"self":[{"href":"https:\/\/vw-ingredients.com\/es\/wp-json\/wp\/v2\/pages\/7088","targetHints":{"allow":["GET"]}}],"collection":[{"href":"https:\/\/vw-ingredients.com\/es\/wp-json\/wp\/v2\/pages"}],"about":[{"href":"https:\/\/vw-ingredients.com\/es\/wp-json\/wp\/v2\/types\/page"}],"author":[{"embeddable":true,"href":"https:\/\/vw-ingredients.com\/es\/wp-json\/wp\/v2\/users\/2"}],"replies":[{"embeddable":true,"href":"https:\/\/vw-ingredients.com\/es\/wp-json\/wp\/v2\/comments?post=7088"}],"version-history":[{"count":1,"href":"https:\/\/vw-ingredients.com\/es\/wp-json\/wp\/v2\/pages\/7088\/revisions"}],"predecessor-version":[{"id":7089,"href":"https:\/\/vw-ingredients.com\/es\/wp-json\/wp\/v2\/pages\/7088\/revisions\/7089"}],"wp:attachment":[{"href":"https:\/\/vw-ingredients.com\/es\/wp-json\/wp\/v2\/media?parent=7088"}],"curies":[{"name":"wp","href":"https:\/\/api.w.org\/{rel}","templated":true}]}}