{"id":7064,"date":"2024-06-05T09:44:06","date_gmt":"2024-06-05T09:44:06","guid":{"rendered":"https:\/\/vw-ingredients.com\/condiciones-generales"},"modified":"2025-01-28T13:19:55","modified_gmt":"2025-01-28T13:19:55","slug":"condiciones-generales","status":"publish","type":"page","link":"https:\/\/vw-ingredients.com\/es\/condiciones-generales","title":{"rendered":"Condiciones generales"},"content":{"rendered":"\t\t<div data-elementor-type=\"wp-page\" data-elementor-id=\"7064\" class=\"elementor elementor-7064 elementor-5592\" data-elementor-post-type=\"page\">\n\t\t\t\t<div class=\"elementor-element elementor-element-07b3b6c e-flex e-con-boxed e-con e-parent\" data-id=\"07b3b6c\" data-element_type=\"container\" data-e-type=\"container\" data-settings=\"{&quot;background_background&quot;:&quot;classic&quot;,&quot;jet_parallax_layout_list&quot;:[]}\">\n\t\t\t\t\t<div class=\"e-con-inner\">\n\t\t<div class=\"elementor-element elementor-element-95709f5 e-flex e-con-boxed elementor-invisible e-con e-child\" data-id=\"95709f5\" data-element_type=\"container\" data-e-type=\"container\" data-settings=\"{&quot;animation&quot;:&quot;fadeIn&quot;,&quot;animation_delay&quot;:400,&quot;jet_parallax_layout_list&quot;:[]}\">\n\t\t\t\t\t<div class=\"e-con-inner\">\n\t\t\t\t<div class=\"elementor-element elementor-element-2a8da97 elementor-widget elementor-widget-heading\" data-id=\"2a8da97\" data-element_type=\"widget\" data-e-type=\"widget\" data-widget_type=\"heading.default\">\n\t\t\t\t<div class=\"elementor-widget-container\">\n\t\t\t\t\t<h1 class=\"elementor-heading-title elementor-size-default\">Condiciones generales<\/h1>\t\t\t\t<\/div>\n\t\t\t\t<\/div>\n\t\t\t\t\t<\/div>\n\t\t\t\t<\/div>\n\t\t\t\t\t<\/div>\n\t\t\t\t<\/div>\n\t\t<div class=\"elementor-element elementor-element-897d680 e-flex e-con-boxed elementor-invisible e-con e-parent\" data-id=\"897d680\" data-element_type=\"container\" data-e-type=\"container\" data-settings=\"{&quot;animation&quot;:&quot;fadeIn&quot;,&quot;animation_delay&quot;:400,&quot;jet_parallax_layout_list&quot;:[]}\">\n\t\t\t\t\t<div class=\"e-con-inner\">\n\t\t<div class=\"elementor-element elementor-element-b3a03d0 e-flex e-con-boxed e-con e-child\" data-id=\"b3a03d0\" data-element_type=\"container\" data-e-type=\"container\" data-settings=\"{&quot;jet_parallax_layout_list&quot;:[]}\">\n\t\t\t\t\t<div class=\"e-con-inner\">\n\t\t<div class=\"elementor-element elementor-element-3d47540 e-flex e-con-boxed e-con e-child\" data-id=\"3d47540\" data-element_type=\"container\" data-e-type=\"container\" data-settings=\"{&quot;jet_parallax_layout_list&quot;:[]}\">\n\t\t\t\t\t<div class=\"e-con-inner\">\n\t\t\t\t<div class=\"elementor-element elementor-element-7251c5f elementor-widget__width-initial elementor-widget-divider--view-line elementor-widget elementor-widget-divider\" data-id=\"7251c5f\" data-element_type=\"widget\" data-e-type=\"widget\" data-widget_type=\"divider.default\">\n\t\t\t\t<div class=\"elementor-widget-container\">\n\t\t\t\t\t\t\t<div class=\"elementor-divider\">\n\t\t\t<span class=\"elementor-divider-separator\">\n\t\t\t\t\t\t<\/span>\n\t\t<\/div>\n\t\t\t\t\t\t<\/div>\n\t\t\t\t<\/div>\n\t\t\t\t\t<\/div>\n\t\t\t\t<\/div>\n\t\t\t\t<div class=\"elementor-element elementor-element-dc31d5b elementor-widget elementor-widget-button\" data-id=\"dc31d5b\" data-element_type=\"widget\" data-e-type=\"widget\" data-widget_type=\"button.default\">\n\t\t\t\t<div class=\"elementor-widget-container\">\n\t\t\t\t\t\t\t\t\t<div class=\"elementor-button-wrapper\">\n\t\t\t\t\t<a class=\"elementor-button elementor-button-link elementor-size-sm\" href=\"https:\/\/vw-ingredients.com\/wp-content\/uploads\/2024\/06\/General-Terms-And-Conditions-of-sale-of-Van-Wankum-Ingredients-BV.pdf\" target=\"_blank\">\n\t\t\t\t\t\t<span class=\"elementor-button-content-wrapper\">\n\t\t\t\t\t\t\t\t\t<span class=\"elementor-button-text\">Lee nuestras Condiciones Generales<\/span>\n\t\t\t\t\t<\/span>\n\t\t\t\t\t<\/a>\n\t\t\t\t<\/div>\n\t\t\t\t\t\t\t\t<\/div>\n\t\t\t\t<\/div>\n\t\t\t\t\t<\/div>\n\t\t\t\t<\/div>\n\t\t\t\t\t<\/div>\n\t\t\t\t<\/div>\n\t\t\t\t<\/div>\n\t\t","protected":false},"excerpt":{"rendered":"<p>Condiciones generales Lee nuestras Condiciones Generales<\/p>\n","protected":false},"author":2,"featured_media":7065,"parent":0,"menu_order":0,"comment_status":"closed","ping_status":"closed","template":"elementor_header_footer","meta":{"_acf_changed":false,"footnotes":""},"class_list":["post-7064","page","type-page","status-publish","has-post-thumbnail","hentry"],"acf":[],"yoast_head":"<!-- This site is optimized with the Yoast SEO plugin v27.3 - https:\/\/yoast.com\/product\/yoast-seo-wordpress\/ -->\n<title>Liderando la Sostenibilidad: Empresa familiar desde 2014<\/title>\n<meta name=\"description\" content=\"Van Wankum Ingredients se fund\u00f3 en Maarssen (Pa\u00edses Bajos) en 2014. Lee m\u00e1s sobre nosotros, la empresa Van Wankum Ingredients, en esta p\u00e1gina.\" \/>\n<meta name=\"robots\" content=\"index, follow, max-snippet:-1, max-image-preview:large, max-video-preview:-1\" \/>\n<link rel=\"canonical\" href=\"https:\/\/vw-ingredients.com\/es\/condiciones-generales\" \/>\n<meta property=\"og:locale\" content=\"es_ES\" \/>\n<meta property=\"og:type\" content=\"article\" \/>\n<meta property=\"og:title\" content=\"Liderando la Sostenibilidad: Empresa familiar desde 2014\" \/>\n<meta property=\"og:description\" content=\"Van Wankum Ingredients se fund\u00f3 en Maarssen (Pa\u00edses Bajos) en 2014. Lee m\u00e1s sobre nosotros, la empresa Van Wankum Ingredients, en esta p\u00e1gina.\" \/>\n<meta property=\"og:url\" content=\"https:\/\/vw-ingredients.com\/es\/condiciones-generales\" \/>\n<meta property=\"og:site_name\" content=\"Van Wankum Ingredients\" \/>\n<meta property=\"article:modified_time\" content=\"2025-01-28T13:19:55+00:00\" \/>\n<meta property=\"og:image\" content=\"https:\/\/vw-ingredients.com\/wp-content\/uploads\/2022\/07\/vw-ingredients-about-us.jpg\" \/>\n\t<meta property=\"og:image:width\" content=\"1200\" \/>\n\t<meta property=\"og:image:height\" content=\"589\" \/>\n\t<meta property=\"og:image:type\" content=\"image\/jpeg\" \/>\n<meta name=\"twitter:card\" content=\"summary_large_image\" \/>\n<script type=\"application\/ld+json\" class=\"yoast-schema-graph\">{\"@context\":\"https:\\\/\\\/schema.org\",\"@graph\":[{\"@type\":\"WebPage\",\"@id\":\"https:\\\/\\\/vw-ingredients.com\\\/es\\\/condiciones-generales\",\"url\":\"https:\\\/\\\/vw-ingredients.com\\\/es\\\/condiciones-generales\",\"name\":\"Liderando la Sostenibilidad: Empresa familiar desde 2014\",\"isPartOf\":{\"@id\":\"https:\\\/\\\/vw-ingredients.com\\\/es#website\"},\"primaryImageOfPage\":{\"@id\":\"https:\\\/\\\/vw-ingredients.com\\\/es\\\/condiciones-generales#primaryimage\"},\"image\":{\"@id\":\"https:\\\/\\\/vw-ingredients.com\\\/es\\\/condiciones-generales#primaryimage\"},\"thumbnailUrl\":\"https:\\\/\\\/vw-ingredients.com\\\/wp-content\\\/uploads\\\/2022\\\/07\\\/vw-ingredients-about-us.jpg\",\"datePublished\":\"2024-06-05T09:44:06+00:00\",\"dateModified\":\"2025-01-28T13:19:55+00:00\",\"description\":\"Van Wankum Ingredients se fund\u00f3 en Maarssen (Pa\u00edses Bajos) en 2014. Lee m\u00e1s sobre nosotros, la empresa Van Wankum Ingredients, en esta p\u00e1gina.\",\"breadcrumb\":{\"@id\":\"https:\\\/\\\/vw-ingredients.com\\\/es\\\/condiciones-generales#breadcrumb\"},\"inLanguage\":\"es\",\"potentialAction\":[{\"@type\":\"ReadAction\",\"target\":[\"https:\\\/\\\/vw-ingredients.com\\\/es\\\/condiciones-generales\"]}]},{\"@type\":\"ImageObject\",\"inLanguage\":\"es\",\"@id\":\"https:\\\/\\\/vw-ingredients.com\\\/es\\\/condiciones-generales#primaryimage\",\"url\":\"https:\\\/\\\/vw-ingredients.com\\\/wp-content\\\/uploads\\\/2022\\\/07\\\/vw-ingredients-about-us.jpg\",\"contentUrl\":\"https:\\\/\\\/vw-ingredients.com\\\/wp-content\\\/uploads\\\/2022\\\/07\\\/vw-ingredients-about-us.jpg\",\"width\":1200,\"height\":589,\"caption\":\"VW-Ingredients about us\"},{\"@type\":\"BreadcrumbList\",\"@id\":\"https:\\\/\\\/vw-ingredients.com\\\/es\\\/condiciones-generales#breadcrumb\",\"itemListElement\":[{\"@type\":\"ListItem\",\"position\":1,\"name\":\"Home\",\"item\":\"https:\\\/\\\/vw-ingredients.com\\\/es\"},{\"@type\":\"ListItem\",\"position\":2,\"name\":\"Condiciones generales\"}]},{\"@type\":\"WebSite\",\"@id\":\"https:\\\/\\\/vw-ingredients.com\\\/es#website\",\"url\":\"https:\\\/\\\/vw-ingredients.com\\\/es\",\"name\":\"Van Wankum Ingredients\",\"description\":\"\",\"potentialAction\":[{\"@type\":\"SearchAction\",\"target\":{\"@type\":\"EntryPoint\",\"urlTemplate\":\"https:\\\/\\\/vw-ingredients.com\\\/es?s={search_term_string}\"},\"query-input\":{\"@type\":\"PropertyValueSpecification\",\"valueRequired\":true,\"valueName\":\"search_term_string\"}}],\"inLanguage\":\"es\"}]}<\/script>\n<!-- \/ Yoast SEO plugin. -->","yoast_head_json":{"title":"Liderando la Sostenibilidad: Empresa familiar desde 2014","description":"Van Wankum Ingredients se fund\u00f3 en Maarssen (Pa\u00edses Bajos) en 2014. Lee m\u00e1s sobre nosotros, la empresa Van Wankum Ingredients, en esta p\u00e1gina.","robots":{"index":"index","follow":"follow","max-snippet":"max-snippet:-1","max-image-preview":"max-image-preview:large","max-video-preview":"max-video-preview:-1"},"canonical":"https:\/\/vw-ingredients.com\/es\/condiciones-generales","og_locale":"es_ES","og_type":"article","og_title":"Liderando la Sostenibilidad: Empresa familiar desde 2014","og_description":"Van Wankum Ingredients se fund\u00f3 en Maarssen (Pa\u00edses Bajos) en 2014. Lee m\u00e1s sobre nosotros, la empresa Van Wankum Ingredients, en esta p\u00e1gina.","og_url":"https:\/\/vw-ingredients.com\/es\/condiciones-generales","og_site_name":"Van Wankum Ingredients","article_modified_time":"2025-01-28T13:19:55+00:00","og_image":[{"width":1200,"height":589,"url":"https:\/\/vw-ingredients.com\/wp-content\/uploads\/2022\/07\/vw-ingredients-about-us.jpg","type":"image\/jpeg"}],"twitter_card":"summary_large_image","schema":{"@context":"https:\/\/schema.org","@graph":[{"@type":"WebPage","@id":"https:\/\/vw-ingredients.com\/es\/condiciones-generales","url":"https:\/\/vw-ingredients.com\/es\/condiciones-generales","name":"Liderando la Sostenibilidad: Empresa familiar desde 2014","isPartOf":{"@id":"https:\/\/vw-ingredients.com\/es#website"},"primaryImageOfPage":{"@id":"https:\/\/vw-ingredients.com\/es\/condiciones-generales#primaryimage"},"image":{"@id":"https:\/\/vw-ingredients.com\/es\/condiciones-generales#primaryimage"},"thumbnailUrl":"https:\/\/vw-ingredients.com\/wp-content\/uploads\/2022\/07\/vw-ingredients-about-us.jpg","datePublished":"2024-06-05T09:44:06+00:00","dateModified":"2025-01-28T13:19:55+00:00","description":"Van Wankum Ingredients se fund\u00f3 en Maarssen (Pa\u00edses Bajos) en 2014. Lee m\u00e1s sobre nosotros, la empresa Van Wankum Ingredients, en esta p\u00e1gina.","breadcrumb":{"@id":"https:\/\/vw-ingredients.com\/es\/condiciones-generales#breadcrumb"},"inLanguage":"es","potentialAction":[{"@type":"ReadAction","target":["https:\/\/vw-ingredients.com\/es\/condiciones-generales"]}]},{"@type":"ImageObject","inLanguage":"es","@id":"https:\/\/vw-ingredients.com\/es\/condiciones-generales#primaryimage","url":"https:\/\/vw-ingredients.com\/wp-content\/uploads\/2022\/07\/vw-ingredients-about-us.jpg","contentUrl":"https:\/\/vw-ingredients.com\/wp-content\/uploads\/2022\/07\/vw-ingredients-about-us.jpg","width":1200,"height":589,"caption":"VW-Ingredients about us"},{"@type":"BreadcrumbList","@id":"https:\/\/vw-ingredients.com\/es\/condiciones-generales#breadcrumb","itemListElement":[{"@type":"ListItem","position":1,"name":"Home","item":"https:\/\/vw-ingredients.com\/es"},{"@type":"ListItem","position":2,"name":"Condiciones generales"}]},{"@type":"WebSite","@id":"https:\/\/vw-ingredients.com\/es#website","url":"https:\/\/vw-ingredients.com\/es","name":"Van Wankum Ingredients","description":"","potentialAction":[{"@type":"SearchAction","target":{"@type":"EntryPoint","urlTemplate":"https:\/\/vw-ingredients.com\/es?s={search_term_string}"},"query-input":{"@type":"PropertyValueSpecification","valueRequired":true,"valueName":"search_term_string"}}],"inLanguage":"es"}]}},"_links":{"self":[{"href":"https:\/\/vw-ingredients.com\/es\/wp-json\/wp\/v2\/pages\/7064","targetHints":{"allow":["GET"]}}],"collection":[{"href":"https:\/\/vw-ingredients.com\/es\/wp-json\/wp\/v2\/pages"}],"about":[{"href":"https:\/\/vw-ingredients.com\/es\/wp-json\/wp\/v2\/types\/page"}],"author":[{"embeddable":true,"href":"https:\/\/vw-ingredients.com\/es\/wp-json\/wp\/v2\/users\/2"}],"replies":[{"embeddable":true,"href":"https:\/\/vw-ingredients.com\/es\/wp-json\/wp\/v2\/comments?post=7064"}],"version-history":[{"count":1,"href":"https:\/\/vw-ingredients.com\/es\/wp-json\/wp\/v2\/pages\/7064\/revisions"}],"predecessor-version":[{"id":7067,"href":"https:\/\/vw-ingredients.com\/es\/wp-json\/wp\/v2\/pages\/7064\/revisions\/7067"}],"wp:featuredmedia":[{"embeddable":true,"href":"https:\/\/vw-ingredients.com\/es\/wp-json\/wp\/v2\/media\/7065"}],"wp:attachment":[{"href":"https:\/\/vw-ingredients.com\/es\/wp-json\/wp\/v2\/media?parent=7064"}],"curies":[{"name":"wp","href":"https:\/\/api.w.org\/{rel}","templated":true}]}}