{"id":7054,"date":"2024-02-29T14:20:47","date_gmt":"2024-02-29T14:20:47","guid":{"rendered":"https:\/\/vw-ingredients.com\/edulcorantes-naturales"},"modified":"2025-02-04T09:26:07","modified_gmt":"2025-02-04T09:26:07","slug":"edulcorantes-naturales","status":"publish","type":"page","link":"https:\/\/vw-ingredients.com\/es\/edulcorantes-naturales","title":{"rendered":"Edulcorantes naturales"},"content":{"rendered":"\t\t<div data-elementor-type=\"wp-page\" data-elementor-id=\"7054\" class=\"elementor elementor-7054 elementor-6028\" data-elementor-post-type=\"page\">\n\t\t\t\t<div class=\"elementor-element elementor-element-0861004 e-flex e-con-boxed e-con e-parent\" data-id=\"0861004\" data-element_type=\"container\" data-e-type=\"container\" data-settings=\"{&quot;jet_parallax_layout_list&quot;:[]}\">\n\t\t\t\t\t<div class=\"e-con-inner\">\n\t\t<div class=\"elementor-element elementor-element-1948d48 e-flex e-con-boxed e-con e-child\" data-id=\"1948d48\" data-element_type=\"container\" data-e-type=\"container\" data-settings=\"{&quot;jet_parallax_layout_list&quot;:[]}\">\n\t\t\t\t\t<div class=\"e-con-inner\">\n\t\t\t\t<div class=\"elementor-element elementor-element-1f12681 elementor-widget elementor-widget-heading\" data-id=\"1f12681\" data-element_type=\"widget\" data-e-type=\"widget\" data-widget_type=\"heading.default\">\n\t\t\t\t<div class=\"elementor-widget-container\">\n\t\t\t\t\t<h1 class=\"elementor-heading-title elementor-size-default\">Edulcorantes naturales<\/h1>\t\t\t\t<\/div>\n\t\t\t\t<\/div>\n\t\t\t\t<div class=\"elementor-element elementor-element-f7028fe elementor-widget elementor-widget-text-editor\" data-id=\"f7028fe\" data-element_type=\"widget\" data-e-type=\"widget\" data-widget_type=\"text-editor.default\">\n\t\t\t\t<div class=\"elementor-widget-container\">\n\t\t\t\t\t\t\t\t\t<p>Hay distintas categor\u00edas de edulcorantes. Los edulcorantes pueden dividirse en nutritivos y no nutritivos, pero tambi\u00e9n en artificiales y naturales.  Cada edulcorante tiene su propio tipo de dulzor, beneficios y aplicaciones. Algunos edulcorantes se producen sint\u00e9ticamente, otros se encuentran en la naturaleza. Los edulcorantes naturales son edulcorantes como la estevia y la fruta de monje (tambi\u00e9n conocida como Luo Han Guo). <\/p>\n\t\t\t\t\t\t\t\t<\/div>\n\t\t\t\t<\/div>\n\t\t\t\t\t<\/div>\n\t\t\t\t<\/div>\n\t\t<div class=\"elementor-element elementor-element-915074f e-flex e-con-boxed e-con e-child\" data-id=\"915074f\" data-element_type=\"container\" data-e-type=\"container\" data-settings=\"{&quot;jet_parallax_layout_list&quot;:[]}\">\n\t\t\t\t\t<div class=\"e-con-inner\">\n\t\t\t\t<div class=\"elementor-element elementor-element-3410d6a elementor-widget-divider--view-line elementor-widget elementor-widget-divider\" data-id=\"3410d6a\" data-element_type=\"widget\" data-e-type=\"widget\" data-widget_type=\"divider.default\">\n\t\t\t\t<div class=\"elementor-widget-container\">\n\t\t\t\t\t\t\t<div class=\"elementor-divider\">\n\t\t\t<span class=\"elementor-divider-separator\">\n\t\t\t\t\t\t<\/span>\n\t\t<\/div>\n\t\t\t\t\t\t<\/div>\n\t\t\t\t<\/div>\n\t\t\t\t\t<\/div>\n\t\t\t\t<\/div>\n\t\t<div class=\"elementor-element elementor-element-1da62d7 e-flex e-con-boxed e-con e-child\" data-id=\"1da62d7\" data-element_type=\"container\" data-e-type=\"container\" data-settings=\"{&quot;jet_parallax_layout_list&quot;:[]}\">\n\t\t\t\t\t<div class=\"e-con-inner\">\n\t\t\t\t<div class=\"elementor-element elementor-element-c9682bc elementor-grid-3 elementor-grid-tablet-2 elementor-grid-mobile-1 elementor-posts--thumbnail-top elementor-widget elementor-widget-posts\" data-id=\"c9682bc\" data-element_type=\"widget\" data-e-type=\"widget\" data-settings=\"{&quot;classic_row_gap&quot;:{&quot;unit&quot;:&quot;px&quot;,&quot;size&quot;:20,&quot;sizes&quot;:[]},&quot;classic_columns&quot;:&quot;3&quot;,&quot;classic_columns_tablet&quot;:&quot;2&quot;,&quot;classic_columns_mobile&quot;:&quot;1&quot;,&quot;classic_row_gap_tablet&quot;:{&quot;unit&quot;:&quot;px&quot;,&quot;size&quot;:&quot;&quot;,&quot;sizes&quot;:[]},&quot;classic_row_gap_mobile&quot;:{&quot;unit&quot;:&quot;px&quot;,&quot;size&quot;:&quot;&quot;,&quot;sizes&quot;:[]}}\" data-widget_type=\"posts.classic\">\n\t\t\t\t<div class=\"elementor-widget-container\">\n\t\t\t\t\t\t\t<div class=\"elementor-posts-container elementor-posts elementor-posts--skin-classic elementor-grid\" role=\"list\">\n\t\t\t\t<article class=\"elementor-post elementor-grid-item post-7713 product type-product status-publish format-standard has-post-thumbnail hentry\" role=\"listitem\">\n\t\t\t\t<a class=\"elementor-post__thumbnail__link\" href=\"https:\/\/vw-ingredients.com\/es\/producto\/hibisco\" tabindex=\"-1\" >\n\t\t\t<div class=\"elementor-post__thumbnail\"><img fetchpriority=\"high\" decoding=\"async\" width=\"300\" height=\"200\" src=\"https:\/\/vw-ingredients.com\/wp-content\/uploads\/2024\/09\/Hibiscus-300x200.jpg\" class=\"attachment-medium size-medium wp-image-7714\" alt=\"\" srcset=\"https:\/\/vw-ingredients.com\/wp-content\/uploads\/2024\/09\/Hibiscus-300x200.jpg 300w, https:\/\/vw-ingredients.com\/wp-content\/uploads\/2024\/09\/Hibiscus.jpg 420w\" sizes=\"(max-width: 300px) 100vw, 300px\" \/><\/div>\n\t\t<\/a>\n\t\t\t\t<div class=\"elementor-post__text\">\n\t\t\t\t<h3 class=\"elementor-post__title\">\n\t\t\t<a href=\"https:\/\/vw-ingredients.com\/es\/producto\/hibisco\" >\n\t\t\t\tHibisco\t\t\t<\/a>\n\t\t<\/h3>\n\t\t\t\t<div class=\"elementor-post__excerpt\">\n\t\t\t<p>El extracto de hibisco proporciona un vibrante color rojo derivado de las flores de hibisco. Ampliamente utilizado en la industria alimentaria y de bebidas, proporciona un tono natural y estable. Ideal para productos de origen vegetal, ofrece un color intenso adecuado para diversas aplicaciones.  <\/p>\n\t\t<\/div>\n\t\t\t\t\t<div class=\"elementor-post__read-more-wrapper\">\n\t\t\n\t\t<a class=\"elementor-post__read-more\" href=\"https:\/\/vw-ingredients.com\/es\/producto\/hibisco\" aria-label=\"M\u00e1s informaci\u00f3n sobre Hibisco\" tabindex=\"-1\" >\n\t\t\tVer producto\t\t<\/a>\n\n\t\t\t\t\t<\/div>\n\t\t\t\t<\/div>\n\t\t\t\t<\/article>\n\t\t\t\t<article class=\"elementor-post elementor-grid-item post-7710 product type-product status-publish format-standard has-post-thumbnail hentry\" role=\"listitem\">\n\t\t\t\t<a class=\"elementor-post__thumbnail__link\" href=\"https:\/\/vw-ingredients.com\/es\/producto\/carbonato-calcico\" tabindex=\"-1\" >\n\t\t\t<div class=\"elementor-post__thumbnail\"><img decoding=\"async\" width=\"300\" height=\"200\" src=\"https:\/\/vw-ingredients.com\/wp-content\/uploads\/2024\/09\/Calcium-carbonate-300x200.jpg\" class=\"attachment-medium size-medium wp-image-7711\" alt=\"Calcium carbonate\" srcset=\"https:\/\/vw-ingredients.com\/wp-content\/uploads\/2024\/09\/Calcium-carbonate-300x200.jpg 300w, https:\/\/vw-ingredients.com\/wp-content\/uploads\/2024\/09\/Calcium-carbonate.jpg 420w\" sizes=\"(max-width: 300px) 100vw, 300px\" \/><\/div>\n\t\t<\/a>\n\t\t\t\t<div class=\"elementor-post__text\">\n\t\t\t\t<h3 class=\"elementor-post__title\">\n\t\t\t<a href=\"https:\/\/vw-ingredients.com\/es\/producto\/carbonato-calcico\" >\n\t\t\t\tCarbonato c\u00e1lcico\t\t\t<\/a>\n\t\t<\/h3>\n\t\t\t\t<div class=\"elementor-post__excerpt\">\n\t\t\t<p>El carbonato c\u00e1lcico es un pigmento blanco natural que se obtiene de la piedra caliza. Se utiliza ampliamente en diversas industrias para proporcionar brillo y opacidad. Este compuesto vers\u00e1til mejora la estabilidad del color y la textura en productos como alimentos, cosm\u00e9ticos y productos farmac\u00e9uticos. El carbonato c\u00e1lcico tambi\u00e9n se emplea en aplicaciones industriales como pinturas y revestimientos debido a su excelente durabilidad y adaptabilidad.   <\/p>\n\t\t<\/div>\n\t\t\t\t\t<div class=\"elementor-post__read-more-wrapper\">\n\t\t\n\t\t<a class=\"elementor-post__read-more\" href=\"https:\/\/vw-ingredients.com\/es\/producto\/carbonato-calcico\" aria-label=\"M\u00e1s informaci\u00f3n sobre Carbonato c\u00e1lcico\" tabindex=\"-1\" >\n\t\t\tVer producto\t\t<\/a>\n\n\t\t\t\t\t<\/div>\n\t\t\t\t<\/div>\n\t\t\t\t<\/article>\n\t\t\t\t<article class=\"elementor-post elementor-grid-item post-7705 product type-product status-publish format-standard has-post-thumbnail hentry\" role=\"listitem\">\n\t\t\t\t<a class=\"elementor-post__thumbnail__link\" href=\"https:\/\/vw-ingredients.com\/es\/producto\/extracto-de-malta\" tabindex=\"-1\" >\n\t\t\t<div class=\"elementor-post__thumbnail\"><img decoding=\"async\" width=\"300\" height=\"200\" src=\"https:\/\/vw-ingredients.com\/wp-content\/uploads\/2024\/09\/Malt-Extract-300x200.jpg\" class=\"attachment-medium size-medium wp-image-7707\" alt=\"Malt Extract\" srcset=\"https:\/\/vw-ingredients.com\/wp-content\/uploads\/2024\/09\/Malt-Extract-300x200.jpg 300w, https:\/\/vw-ingredients.com\/wp-content\/uploads\/2024\/09\/Malt-Extract.jpg 420w\" sizes=\"(max-width: 300px) 100vw, 300px\" \/><\/div>\n\t\t<\/a>\n\t\t\t\t<div class=\"elementor-post__text\">\n\t\t\t\t<h3 class=\"elementor-post__title\">\n\t\t\t<a href=\"https:\/\/vw-ingredients.com\/es\/producto\/extracto-de-malta\" >\n\t\t\t\tExtracto de malta\t\t\t<\/a>\n\t\t<\/h3>\n\t\t\t\t<div class=\"elementor-post__excerpt\">\n\t\t\t<p>El extracto de malta, derivado del centeno tostado, es un pigmento natural de color marr\u00f3n oscuro que se utiliza en diversas industrias. Proporciona un color rico y estable en bebidas, alimentos y productos de panader\u00eda. El extracto de malta se utiliza habitualmente en productos como refrescos, cerveza, helados y productos de panader\u00eda. Su excelente estabilidad a la luz, la temperatura y el pH lo convierten en una opci\u00f3n vers\u00e1til para mejorar tanto el color como el sabor.   <\/p>\n\t\t<\/div>\n\t\t\t\t\t<div class=\"elementor-post__read-more-wrapper\">\n\t\t\n\t\t<a class=\"elementor-post__read-more\" href=\"https:\/\/vw-ingredients.com\/es\/producto\/extracto-de-malta\" aria-label=\"M\u00e1s informaci\u00f3n sobre Extracto de malta\" tabindex=\"-1\" >\n\t\t\tVer producto\t\t<\/a>\n\n\t\t\t\t\t<\/div>\n\t\t\t\t<\/div>\n\t\t\t\t<\/article>\n\t\t\t\t<article class=\"elementor-post elementor-grid-item post-7698 product type-product status-publish format-standard has-post-thumbnail hentry\" role=\"listitem\">\n\t\t\t\t<a class=\"elementor-post__thumbnail__link\" href=\"https:\/\/vw-ingredients.com\/es\/producto\/chlorophylla\" tabindex=\"-1\" >\n\t\t\t<div class=\"elementor-post__thumbnail\"><img loading=\"lazy\" decoding=\"async\" width=\"300\" height=\"200\" src=\"https:\/\/vw-ingredients.com\/wp-content\/uploads\/2024\/09\/Chlorophylla-300x200.jpg\" class=\"attachment-medium size-medium wp-image-7700\" alt=\"\" srcset=\"https:\/\/vw-ingredients.com\/wp-content\/uploads\/2024\/09\/Chlorophylla-300x200.jpg 300w, https:\/\/vw-ingredients.com\/wp-content\/uploads\/2024\/09\/Chlorophylla.jpg 420w\" sizes=\"(max-width: 300px) 100vw, 300px\" \/><\/div>\n\t\t<\/a>\n\t\t\t\t<div class=\"elementor-post__text\">\n\t\t\t\t<h3 class=\"elementor-post__title\">\n\t\t\t<a href=\"https:\/\/vw-ingredients.com\/es\/producto\/chlorophylla\" >\n\t\t\t\tChlorophylla\t\t\t<\/a>\n\t\t<\/h3>\n\t\t\t\t<div class=\"elementor-post__excerpt\">\n\t\t\t<p>La clorofila, un pigmento verde natural derivado de las plantas, se utiliza ampliamente en alimentos, cosm\u00e9ticos y textiles por su vibrante tono verde. Ofrece una excelente estabilidad de color y suele emplearse como colorante natural en productos como bebidas, suplementos para la salud y art\u00edculos de cuidado personal. Por su origen vegetal, la clorofila es adecuada para productos veganos y vegetarianos.  <\/p>\n\t\t<\/div>\n\t\t\t\t\t<div class=\"elementor-post__read-more-wrapper\">\n\t\t\n\t\t<a class=\"elementor-post__read-more\" href=\"https:\/\/vw-ingredients.com\/es\/producto\/chlorophylla\" aria-label=\"M\u00e1s informaci\u00f3n sobre Chlorophylla\" tabindex=\"-1\" >\n\t\t\tVer producto\t\t<\/a>\n\n\t\t\t\t\t<\/div>\n\t\t\t\t<\/div>\n\t\t\t\t<\/article>\n\t\t\t\t<article class=\"elementor-post elementor-grid-item post-7692 product type-product status-publish format-standard has-post-thumbnail hentry\" role=\"listitem\">\n\t\t\t\t<a class=\"elementor-post__thumbnail__link\" href=\"https:\/\/vw-ingredients.com\/es\/producto\/huito\" tabindex=\"-1\" >\n\t\t\t<div class=\"elementor-post__thumbnail\"><img loading=\"lazy\" decoding=\"async\" width=\"300\" height=\"200\" src=\"https:\/\/vw-ingredients.com\/wp-content\/uploads\/2024\/09\/Huito-300x200.jpg\" class=\"attachment-medium size-medium wp-image-7693\" alt=\"Huito\" srcset=\"https:\/\/vw-ingredients.com\/wp-content\/uploads\/2024\/09\/Huito-300x200.jpg 300w, https:\/\/vw-ingredients.com\/wp-content\/uploads\/2024\/09\/Huito.jpg 420w\" sizes=\"(max-width: 300px) 100vw, 300px\" \/><\/div>\n\t\t<\/a>\n\t\t\t\t<div class=\"elementor-post__text\">\n\t\t\t\t<h3 class=\"elementor-post__title\">\n\t\t\t<a href=\"https:\/\/vw-ingredients.com\/es\/producto\/huito\" >\n\t\t\t\tHuito\t\t\t<\/a>\n\t\t<\/h3>\n\t\t\t\t<div class=\"elementor-post__excerpt\">\n\t\t\t<p>El extracto de huito, derivado del fruto del \u00e1rbol Genipa americana, es un pigmento azul natural muy utilizado en diversas industrias, como la alimentaria y la cosm\u00e9tica. Conocido por su profundo y vibrante tono azul, el Huito se emplea a menudo como colorante natural en productos como bebidas, caramelos y art\u00edculos para el cuidado de la piel. A diferencia de los pigmentos de origen animal, el Huito es totalmente vegetal, lo que lo convierte en una opci\u00f3n ideal para productos veganos y vegetarianos. Su rico color y su origen natural lo convierten en una alternativa popular para quienes buscan soluciones colorantes vibrantes y ecol\u00f3gicas.   <\/p>\n\t\t<\/div>\n\t\t\t\t\t<div class=\"elementor-post__read-more-wrapper\">\n\t\t\n\t\t<a class=\"elementor-post__read-more\" href=\"https:\/\/vw-ingredients.com\/es\/producto\/huito\" aria-label=\"M\u00e1s informaci\u00f3n sobre Huito\" tabindex=\"-1\" >\n\t\t\tVer producto\t\t<\/a>\n\n\t\t\t\t\t<\/div>\n\t\t\t\t<\/div>\n\t\t\t\t<\/article>\n\t\t\t\t<article class=\"elementor-post elementor-grid-item post-7688 product type-product status-publish format-standard has-post-thumbnail hentry\" role=\"listitem\">\n\t\t\t\t<a class=\"elementor-post__thumbnail__link\" href=\"https:\/\/vw-ingredients.com\/es\/producto\/espirulina-azul\" tabindex=\"-1\" >\n\t\t\t<div class=\"elementor-post__thumbnail\"><img loading=\"lazy\" decoding=\"async\" width=\"300\" height=\"200\" src=\"https:\/\/vw-ingredients.com\/wp-content\/uploads\/2024\/09\/Blue-Spirulina-300x200.jpg\" class=\"attachment-medium size-medium wp-image-7689\" alt=\"Blue Spirulina\" srcset=\"https:\/\/vw-ingredients.com\/wp-content\/uploads\/2024\/09\/Blue-Spirulina-300x200.jpg 300w, https:\/\/vw-ingredients.com\/wp-content\/uploads\/2024\/09\/Blue-Spirulina.jpg 420w\" sizes=\"(max-width: 300px) 100vw, 300px\" \/><\/div>\n\t\t<\/a>\n\t\t\t\t<div class=\"elementor-post__text\">\n\t\t\t\t<h3 class=\"elementor-post__title\">\n\t\t\t<a href=\"https:\/\/vw-ingredients.com\/es\/producto\/espirulina-azul\" >\n\t\t\t\tEspirulina azul\t\t\t<\/a>\n\t\t<\/h3>\n\t\t\t\t<div class=\"elementor-post__excerpt\">\n\t\t\t<p>La espirulina azul, tambi\u00e9n conocida como ficocianina, es un pigmento azul natural derivado del alga espirulina. Ampliamente utilizado en varias industrias, como la alimentaria, la de bebidas y la cosm\u00e9tica, la espirulina azul proporciona un tono azul vibrante. Su origen natural la convierte en una opci\u00f3n popular para quienes buscan colorantes de origen vegetal. Se emplea habitualmente como colorante natural en productos como batidos, helados y art\u00edculos para el cuidado de la piel. Debido a su naturaleza vegetal, es adecuado para productos veganos y vegetarianos, ofreciendo una alternativa de color estable y brillante.    <\/p>\n\t\t<\/div>\n\t\t\t\t\t<div class=\"elementor-post__read-more-wrapper\">\n\t\t\n\t\t<a class=\"elementor-post__read-more\" href=\"https:\/\/vw-ingredients.com\/es\/producto\/espirulina-azul\" aria-label=\"M\u00e1s informaci\u00f3n sobre Espirulina azul\" tabindex=\"-1\" >\n\t\t\tVer producto\t\t<\/a>\n\n\t\t\t\t\t<\/div>\n\t\t\t\t<\/div>\n\t\t\t\t<\/article>\n\t\t\t\t<\/div>\n\t\t\n\t\t\t\t\t\t<\/div>\n\t\t\t\t<\/div>\n\t\t\t\t\t<\/div>\n\t\t\t\t<\/div>\n\t\t\t\t\t<\/div>\n\t\t\t\t<\/div>\n\t\t\t\t<\/div>\n\t\t","protected":false},"excerpt":{"rendered":"<p>Edulcorantes naturales Hay distintas categor\u00edas de edulcorantes. Los edulcorantes pueden dividirse en nutritivos y no nutritivos, pero tambi\u00e9n en artificiales y naturales. Cada edulcorante tiene su propio tipo de dulzor, beneficios y aplicaciones. Algunos edulcorantes se producen sint\u00e9ticamente, otros se encuentran en la naturaleza. Los edulcorantes naturales son edulcorantes como la estevia y la fruta [&hellip;]<\/p>\n","protected":false},"author":6,"featured_media":0,"parent":0,"menu_order":0,"comment_status":"closed","ping_status":"closed","template":"elementor_header_footer","meta":{"_acf_changed":false,"footnotes":""},"class_list":["post-7054","page","type-page","status-publish","hentry"],"acf":[],"yoast_head":"<!-- This site is optimized with the Yoast SEO plugin v27.3 - https:\/\/yoast.com\/product\/yoast-seo-wordpress\/ -->\n<title>Edulcorantes naturales - Van Wankum Ingredients<\/title>\n<meta name=\"description\" content=\"\u00bfCu\u00e1l es la diferencia entre edulcorantes artificiales y naturales? Ingredientes Van Wankum. \u2713Experiencia en todo el mundo \u2713Excelente calidad\" \/>\n<meta name=\"robots\" content=\"index, follow, max-snippet:-1, max-image-preview:large, max-video-preview:-1\" \/>\n<link rel=\"canonical\" href=\"https:\/\/vw-ingredients.com\/es\/edulcorantes-naturales\" \/>\n<meta property=\"og:locale\" content=\"es_ES\" \/>\n<meta property=\"og:type\" content=\"article\" \/>\n<meta property=\"og:title\" content=\"Edulcorantes naturales - Van Wankum Ingredients\" \/>\n<meta property=\"og:description\" content=\"\u00bfCu\u00e1l es la diferencia entre edulcorantes artificiales y naturales? Ingredientes Van Wankum. \u2713Experiencia en todo el mundo \u2713Excelente calidad\" \/>\n<meta property=\"og:url\" content=\"https:\/\/vw-ingredients.com\/es\/edulcorantes-naturales\" \/>\n<meta property=\"og:site_name\" content=\"Van Wankum Ingredients\" \/>\n<meta property=\"article:modified_time\" content=\"2025-02-04T09:26:07+00:00\" \/>\n<meta name=\"twitter:card\" content=\"summary_large_image\" \/>\n<script type=\"application\/ld+json\" class=\"yoast-schema-graph\">{\"@context\":\"https:\\\/\\\/schema.org\",\"@graph\":[{\"@type\":\"WebPage\",\"@id\":\"https:\\\/\\\/vw-ingredients.com\\\/es\\\/edulcorantes-naturales\",\"url\":\"https:\\\/\\\/vw-ingredients.com\\\/es\\\/edulcorantes-naturales\",\"name\":\"Edulcorantes naturales - Van Wankum Ingredients\",\"isPartOf\":{\"@id\":\"https:\\\/\\\/vw-ingredients.com\\\/es#website\"},\"datePublished\":\"2024-02-29T14:20:47+00:00\",\"dateModified\":\"2025-02-04T09:26:07+00:00\",\"description\":\"\u00bfCu\u00e1l es la diferencia entre edulcorantes artificiales y naturales? Ingredientes Van Wankum. \u2713Experiencia en todo el mundo \u2713Excelente calidad\",\"breadcrumb\":{\"@id\":\"https:\\\/\\\/vw-ingredients.com\\\/es\\\/edulcorantes-naturales#breadcrumb\"},\"inLanguage\":\"es\",\"potentialAction\":[{\"@type\":\"ReadAction\",\"target\":[\"https:\\\/\\\/vw-ingredients.com\\\/es\\\/edulcorantes-naturales\"]}]},{\"@type\":\"BreadcrumbList\",\"@id\":\"https:\\\/\\\/vw-ingredients.com\\\/es\\\/edulcorantes-naturales#breadcrumb\",\"itemListElement\":[{\"@type\":\"ListItem\",\"position\":1,\"name\":\"Home\",\"item\":\"https:\\\/\\\/vw-ingredients.com\\\/es\"},{\"@type\":\"ListItem\",\"position\":2,\"name\":\"Edulcorantes naturales\"}]},{\"@type\":\"WebSite\",\"@id\":\"https:\\\/\\\/vw-ingredients.com\\\/es#website\",\"url\":\"https:\\\/\\\/vw-ingredients.com\\\/es\",\"name\":\"Van Wankum Ingredients\",\"description\":\"\",\"potentialAction\":[{\"@type\":\"SearchAction\",\"target\":{\"@type\":\"EntryPoint\",\"urlTemplate\":\"https:\\\/\\\/vw-ingredients.com\\\/es?s={search_term_string}\"},\"query-input\":{\"@type\":\"PropertyValueSpecification\",\"valueRequired\":true,\"valueName\":\"search_term_string\"}}],\"inLanguage\":\"es\"}]}<\/script>\n<!-- \/ Yoast SEO plugin. -->","yoast_head_json":{"title":"Edulcorantes naturales - Van Wankum Ingredients","description":"\u00bfCu\u00e1l es la diferencia entre edulcorantes artificiales y naturales? Ingredientes Van Wankum. \u2713Experiencia en todo el mundo \u2713Excelente calidad","robots":{"index":"index","follow":"follow","max-snippet":"max-snippet:-1","max-image-preview":"max-image-preview:large","max-video-preview":"max-video-preview:-1"},"canonical":"https:\/\/vw-ingredients.com\/es\/edulcorantes-naturales","og_locale":"es_ES","og_type":"article","og_title":"Edulcorantes naturales - Van Wankum Ingredients","og_description":"\u00bfCu\u00e1l es la diferencia entre edulcorantes artificiales y naturales? Ingredientes Van Wankum. \u2713Experiencia en todo el mundo \u2713Excelente calidad","og_url":"https:\/\/vw-ingredients.com\/es\/edulcorantes-naturales","og_site_name":"Van Wankum Ingredients","article_modified_time":"2025-02-04T09:26:07+00:00","twitter_card":"summary_large_image","schema":{"@context":"https:\/\/schema.org","@graph":[{"@type":"WebPage","@id":"https:\/\/vw-ingredients.com\/es\/edulcorantes-naturales","url":"https:\/\/vw-ingredients.com\/es\/edulcorantes-naturales","name":"Edulcorantes naturales - Van Wankum Ingredients","isPartOf":{"@id":"https:\/\/vw-ingredients.com\/es#website"},"datePublished":"2024-02-29T14:20:47+00:00","dateModified":"2025-02-04T09:26:07+00:00","description":"\u00bfCu\u00e1l es la diferencia entre edulcorantes artificiales y naturales? Ingredientes Van Wankum. \u2713Experiencia en todo el mundo \u2713Excelente calidad","breadcrumb":{"@id":"https:\/\/vw-ingredients.com\/es\/edulcorantes-naturales#breadcrumb"},"inLanguage":"es","potentialAction":[{"@type":"ReadAction","target":["https:\/\/vw-ingredients.com\/es\/edulcorantes-naturales"]}]},{"@type":"BreadcrumbList","@id":"https:\/\/vw-ingredients.com\/es\/edulcorantes-naturales#breadcrumb","itemListElement":[{"@type":"ListItem","position":1,"name":"Home","item":"https:\/\/vw-ingredients.com\/es"},{"@type":"ListItem","position":2,"name":"Edulcorantes naturales"}]},{"@type":"WebSite","@id":"https:\/\/vw-ingredients.com\/es#website","url":"https:\/\/vw-ingredients.com\/es","name":"Van Wankum Ingredients","description":"","potentialAction":[{"@type":"SearchAction","target":{"@type":"EntryPoint","urlTemplate":"https:\/\/vw-ingredients.com\/es?s={search_term_string}"},"query-input":{"@type":"PropertyValueSpecification","valueRequired":true,"valueName":"search_term_string"}}],"inLanguage":"es"}]}},"_links":{"self":[{"href":"https:\/\/vw-ingredients.com\/es\/wp-json\/wp\/v2\/pages\/7054","targetHints":{"allow":["GET"]}}],"collection":[{"href":"https:\/\/vw-ingredients.com\/es\/wp-json\/wp\/v2\/pages"}],"about":[{"href":"https:\/\/vw-ingredients.com\/es\/wp-json\/wp\/v2\/types\/page"}],"author":[{"embeddable":true,"href":"https:\/\/vw-ingredients.com\/es\/wp-json\/wp\/v2\/users\/6"}],"replies":[{"embeddable":true,"href":"https:\/\/vw-ingredients.com\/es\/wp-json\/wp\/v2\/comments?post=7054"}],"version-history":[{"count":1,"href":"https:\/\/vw-ingredients.com\/es\/wp-json\/wp\/v2\/pages\/7054\/revisions"}],"predecessor-version":[{"id":7056,"href":"https:\/\/vw-ingredients.com\/es\/wp-json\/wp\/v2\/pages\/7054\/revisions\/7056"}],"wp:attachment":[{"href":"https:\/\/vw-ingredients.com\/es\/wp-json\/wp\/v2\/media?parent=7054"}],"curies":[{"name":"wp","href":"https:\/\/api.w.org\/{rel}","templated":true}]}}