{"id":6901,"date":"2021-10-12T13:10:22","date_gmt":"2021-10-12T13:10:22","guid":{"rendered":"https:\/\/vw-ingredients.com\/nuestros-socios"},"modified":"2025-01-21T15:56:53","modified_gmt":"2025-01-21T15:56:53","slug":"nuestros-socios","status":"publish","type":"page","link":"https:\/\/vw-ingredients.com\/es\/nuestros-socios","title":{"rendered":"Nuestros socios"},"content":{"rendered":"\t\t<div data-elementor-type=\"wp-page\" data-elementor-id=\"6901\" class=\"elementor elementor-6901 elementor-56\" data-elementor-post-type=\"page\">\n\t\t\t\t<div class=\"elementor-element elementor-element-a2653af e-flex e-con-boxed e-con e-parent\" data-id=\"a2653af\" data-element_type=\"container\" data-e-type=\"container\" data-settings=\"{&quot;background_background&quot;:&quot;classic&quot;,&quot;jet_parallax_layout_list&quot;:[]}\">\n\t\t\t\t\t<div class=\"e-con-inner\">\n\t\t<div class=\"elementor-element elementor-element-e8b570f e-flex e-con-boxed elementor-invisible e-con e-child\" data-id=\"e8b570f\" data-element_type=\"container\" data-e-type=\"container\" data-settings=\"{&quot;animation&quot;:&quot;fadeIn&quot;,&quot;animation_delay&quot;:400,&quot;jet_parallax_layout_list&quot;:[]}\">\n\t\t\t\t\t<div class=\"e-con-inner\">\n\t\t\t\t<div class=\"elementor-element elementor-element-d7d3c53 elementor-widget elementor-widget-heading\" data-id=\"d7d3c53\" data-element_type=\"widget\" data-e-type=\"widget\" data-widget_type=\"heading.default\">\n\t\t\t\t<div class=\"elementor-widget-container\">\n\t\t\t\t\t<h1 class=\"elementor-heading-title elementor-size-default\">Nuestros socios<\/h1>\t\t\t\t<\/div>\n\t\t\t\t<\/div>\n\t\t\t\t<div class=\"elementor-element elementor-element-b587591 elementor-widget elementor-widget-text-editor\" data-id=\"b587591\" data-element_type=\"widget\" data-e-type=\"widget\" data-widget_type=\"text-editor.default\">\n\t\t\t\t<div class=\"elementor-widget-container\">\n\t\t\t\t\t\t\t\t\t<p>Desde los a\u00f1os 80 hemos establecido relaciones de confianza <br \/>con productores de China.  <\/p>\n\t\t\t\t\t\t\t\t<\/div>\n\t\t\t\t<\/div>\n\t\t\t\t\t<\/div>\n\t\t\t\t<\/div>\n\t\t\t\t\t<\/div>\n\t\t\t\t<\/div>\n\t\t<div class=\"elementor-element elementor-element-4d570b0 e-flex e-con-boxed e-con e-parent\" data-id=\"4d570b0\" data-element_type=\"container\" data-e-type=\"container\" data-settings=\"{&quot;background_background&quot;:&quot;classic&quot;,&quot;jet_parallax_layout_list&quot;:[]}\">\n\t\t\t\t\t<div class=\"e-con-inner\">\n\t\t<div class=\"elementor-element elementor-element-a92e93a e-flex e-con-boxed elementor-invisible e-con e-child\" data-id=\"a92e93a\" data-element_type=\"container\" data-e-type=\"container\" data-settings=\"{&quot;animation&quot;:&quot;fadeIn&quot;,&quot;animation_delay&quot;:400,&quot;jet_parallax_layout_list&quot;:[]}\">\n\t\t\t\t\t<div class=\"e-con-inner\">\n\t\t<div class=\"elementor-element elementor-element-eda41ee e-flex e-con-boxed e-con e-child\" data-id=\"eda41ee\" data-element_type=\"container\" data-e-type=\"container\" data-settings=\"{&quot;jet_parallax_layout_list&quot;:[]}\">\n\t\t\t\t\t<div class=\"e-con-inner\">\n\t\t\t\t<div class=\"elementor-element elementor-element-2d82d67 elementor-widget elementor-widget-heading\" data-id=\"2d82d67\" data-element_type=\"widget\" data-e-type=\"widget\" data-widget_type=\"heading.default\">\n\t\t\t\t<div class=\"elementor-widget-container\">\n\t\t\t\t\t<h2 class=\"elementor-heading-title elementor-size-default\">Aojing Biotecnolog\u00eda Co. Ltd. <\/h2>\t\t\t\t<\/div>\n\t\t\t\t<\/div>\n\t\t\t\t<div class=\"elementor-element elementor-element-e47d2aa elementor-widget elementor-widget-text-editor\" data-id=\"e47d2aa\" data-element_type=\"widget\" data-e-type=\"widget\" data-widget_type=\"text-editor.default\">\n\t\t\t\t<div class=\"elementor-widget-container\">\n\t\t\t\t\t\t\t\t\t<p>Aojing Biotechnology Co. Ltd. empez\u00f3 en 2017, pero ya se fund\u00f3 en 1985. Fabrican y venden principalmente series de extractos de stevia. La capacidad de producci\u00f3n de Aojing Biotechnology est\u00e1 a la cabeza internacionalmente. Son uno de los principales fabricantes de az\u00facar de estevia del mundo.    <\/p>\n<p>Aojing Biotechnology utiliza tecnolog\u00eda de producci\u00f3n avanzada, como la extracci\u00f3n por contracorriente, la separaci\u00f3n por membrana, etc. Disponen de estrictos sistemas de control de calidad seg\u00fan la norma ISO9001. Por tanto, su est\u00e1ndar de calidad es m\u00e1s estricto que el est\u00e1ndar de calidad nacional. Aojing Biotechnology est\u00e1 situada en la ciudad de Jining, provincia de Shandong, y tiene una posici\u00f3n geogr\u00e1fica favorable y unas comunicaciones c\u00f3modas.   <\/p>\n<p>\u00abObservar estrictamente la honradez y desarrollarnos con una buena \u00e9tica comercial\u00bb es su principio de funcionamiento. Utilizan su sinceridad y alta calidad como puente entre sus productos y el mercado. Con su gama de productos proporcionan edulcorantes naturales y saludables para el consumo humano. Aojing Biotechnology aspira a crear una \u00abdulce\u00bb cooperaci\u00f3n con clientes de todo el mundo.   <\/p>\n\t\t\t\t\t\t\t\t<\/div>\n\t\t\t\t<\/div>\n\t\t\t\t\t<\/div>\n\t\t\t\t<\/div>\n\t\t<div class=\"elementor-element elementor-element-c2a9c01 e-flex e-con-boxed e-con e-child\" data-id=\"c2a9c01\" data-element_type=\"container\" data-e-type=\"container\" data-settings=\"{&quot;background_background&quot;:&quot;classic&quot;,&quot;jet_parallax_layout_list&quot;:[]}\">\n\t\t\t\t\t<div class=\"e-con-inner\">\n\t\t\t\t\t<\/div>\n\t\t\t\t<\/div>\n\t\t\t\t\t<\/div>\n\t\t\t\t<\/div>\n\t\t\t\t\t<\/div>\n\t\t\t\t<\/div>\n\t\t<div class=\"elementor-element elementor-element-e289e26 e-flex e-con-boxed e-con e-parent\" data-id=\"e289e26\" data-element_type=\"container\" data-e-type=\"container\" data-settings=\"{&quot;background_background&quot;:&quot;classic&quot;,&quot;jet_parallax_layout_list&quot;:[]}\">\n\t\t\t\t\t<div class=\"e-con-inner\">\n\t\t<div class=\"elementor-element elementor-element-1f30b20 e-flex e-con-boxed elementor-invisible e-con e-child\" data-id=\"1f30b20\" data-element_type=\"container\" data-e-type=\"container\" data-settings=\"{&quot;animation&quot;:&quot;fadeIn&quot;,&quot;animation_delay&quot;:400,&quot;jet_parallax_layout_list&quot;:[]}\">\n\t\t\t\t\t<div class=\"e-con-inner\">\n\t\t<div class=\"elementor-element elementor-element-bf47988 e-flex e-con-boxed e-con e-child\" data-id=\"bf47988\" data-element_type=\"container\" data-e-type=\"container\" data-settings=\"{&quot;jet_parallax_layout_list&quot;:[]}\">\n\t\t\t\t\t<div class=\"e-con-inner\">\n\t\t\t\t<div class=\"elementor-element elementor-element-385aac8 elementor-widget elementor-widget-heading\" data-id=\"385aac8\" data-element_type=\"widget\" data-e-type=\"widget\" data-widget_type=\"heading.default\">\n\t\t\t\t<div class=\"elementor-widget-container\">\n\t\t\t\t\t<h2 class=\"elementor-heading-title elementor-size-default\">Levadura Angel Co<\/h2>\t\t\t\t<\/div>\n\t\t\t\t<\/div>\n\t\t\t\t<div class=\"elementor-element elementor-element-a9237b3 elementor-widget elementor-widget-text-editor\" data-id=\"a9237b3\" data-element_type=\"widget\" data-e-type=\"widget\" data-widget_type=\"text-editor.default\">\n\t\t\t\t<div class=\"elementor-widget-container\">\n\t\t\t\t\t\t\t\t\t<p>Levadura Angel Co. Ltd, fundada en 1986, es una empresa de levadura de alta tecnolog\u00eda que cotiza en bolsa en China. Esta empresa est\u00e1 especializada en la producci\u00f3n de levadura y betaglucano de levadura. Angel Yeast tiene 10 bases internacionales de producci\u00f3n avanzada en China, Egipto y Rusia. Esta empresa asociada ha creado 12 centros t\u00e9cnicos, con m\u00e1s de 100 ingenieros t\u00e9cnicos que proporcionan asistencia t\u00e9cnica especializada para el mercado mundial. Angel Yeast es el mayor productor de Beta-Glucano de Levadura de China.     <\/p>\n<p>El Beta Glucano de Levadura Angel, m\u00e1gico y vital para la salud humana, es el socio de la salud humana. Angel Yeast aspira a convertirse en una gran empresa internacional especializada en levaduras, con el mayor n\u00famero de variedades y las especificaciones m\u00e1s completas. Para alcanzar ese objetivo, Angel Yeast siempre se ha ce\u00f1ido al concepto de producto \u00abnatural, nutritivo y saludable\u00bb, centr\u00e1ndose en las necesidades del cliente.  <\/p>\n<p>Han desarrollado aplicaciones de la levadura con la biotecnolog\u00eda moderna. Angel Yeast, al atenerse al concepto de mercado de \u00abcrear valor para los clientes\u00bb, proporciona a sus clientes globales productos seguros, fiables y de calidad, y un servicio y soporte t\u00e9cnico de primera clase. Esto ha convertido a Angel Yeast en uno de los socios m\u00e1s fiables de los clientes de todo el mundo.  <\/p>\n\t\t\t\t\t\t\t\t<\/div>\n\t\t\t\t<\/div>\n\t\t\t\t\t<\/div>\n\t\t\t\t<\/div>\n\t\t<div class=\"elementor-element elementor-element-e02552e e-flex e-con-boxed e-con e-child\" data-id=\"e02552e\" data-element_type=\"container\" data-e-type=\"container\" data-settings=\"{&quot;background_background&quot;:&quot;classic&quot;,&quot;jet_parallax_layout_list&quot;:[]}\">\n\t\t\t\t\t<div class=\"e-con-inner\">\n\t\t\t\t<div class=\"elementor-element elementor-element-7ae86f2 elementor-widget elementor-widget-image\" data-id=\"7ae86f2\" data-element_type=\"widget\" data-e-type=\"widget\" data-widget_type=\"image.default\">\n\t\t\t\t<div class=\"elementor-widget-container\">\n\t\t\t\t\t\t\t\t\t\t\t\t\t\t\t<img fetchpriority=\"high\" decoding=\"async\" width=\"500\" height=\"197\" src=\"https:\/\/vw-ingredients.com\/wp-content\/uploads\/2024\/02\/angelyeast.jpg\" class=\"attachment-large size-large wp-image-2933\" alt=\"\" srcset=\"https:\/\/vw-ingredients.com\/wp-content\/uploads\/2024\/02\/angelyeast.jpg 500w, https:\/\/vw-ingredients.com\/wp-content\/uploads\/2024\/02\/angelyeast-300x118.jpg 300w\" sizes=\"(max-width: 500px) 100vw, 500px\" \/>\t\t\t\t\t\t\t\t\t\t\t\t\t\t\t<\/div>\n\t\t\t\t<\/div>\n\t\t\t\t\t<\/div>\n\t\t\t\t<\/div>\n\t\t\t\t\t<\/div>\n\t\t\t\t<\/div>\n\t\t\t\t\t<\/div>\n\t\t\t\t<\/div>\n\t\t<div class=\"elementor-element elementor-element-44bf018 e-flex e-con-boxed e-con e-parent\" data-id=\"44bf018\" data-element_type=\"container\" data-e-type=\"container\" data-settings=\"{&quot;background_background&quot;:&quot;classic&quot;,&quot;jet_parallax_layout_list&quot;:[]}\">\n\t\t\t\t\t<div class=\"e-con-inner\">\n\t\t<div class=\"elementor-element elementor-element-74c72e7 e-flex e-con-boxed elementor-invisible e-con e-child\" data-id=\"74c72e7\" data-element_type=\"container\" data-e-type=\"container\" data-settings=\"{&quot;animation&quot;:&quot;fadeIn&quot;,&quot;animation_delay&quot;:400,&quot;jet_parallax_layout_list&quot;:[]}\">\n\t\t\t\t\t<div class=\"e-con-inner\">\n\t\t<div class=\"elementor-element elementor-element-eff92bb e-flex e-con-boxed e-con e-child\" data-id=\"eff92bb\" data-element_type=\"container\" data-e-type=\"container\" data-settings=\"{&quot;jet_parallax_layout_list&quot;:[]}\">\n\t\t\t\t\t<div class=\"e-con-inner\">\n\t\t\t\t<div class=\"elementor-element elementor-element-dc016e8 elementor-widget elementor-widget-heading\" data-id=\"dc016e8\" data-element_type=\"widget\" data-e-type=\"widget\" data-widget_type=\"heading.default\">\n\t\t\t\t<div class=\"elementor-widget-container\">\n\t\t\t\t\t<h2 class=\"elementor-heading-title elementor-size-default\">Heagreen<\/h2>\t\t\t\t<\/div>\n\t\t\t\t<\/div>\n\t\t\t\t<div class=\"elementor-element elementor-element-abb4753 elementor-widget elementor-widget-text-editor\" data-id=\"abb4753\" data-element_type=\"widget\" data-e-type=\"widget\" data-widget_type=\"text-editor.default\">\n\t\t\t\t<div class=\"elementor-widget-container\">\n\t\t\t\t\t\t\t\t\tHenan Heagreen Bio-technology Co., Ltd. es un fabricante de az\u00facar funcional, cuya actividad principal es la producci\u00f3n y venta de XOS y servicios relacionados. Heagreen es una empresa profesional especializada en la producci\u00f3n, investigaci\u00f3n y desarrollo de XOS, y se compromete a ofrecer a los clientes productos y servicios de calidad estable, y a proporcionar a las personas factores microecol\u00f3gicos prebi\u00f3ticos de alta calidad para crear una microecolog\u00eda saludable. El nombre Heagreen es una palabra compuesta de salud y verde. Henan Heagreen Bio-technology Co., Ltd. se fund\u00f3 en agosto de 2014.   \t\t\t\t\t\t\t\t<\/div>\n\t\t\t\t<\/div>\n\t\t\t\t\t<\/div>\n\t\t\t\t<\/div>\n\t\t<div class=\"elementor-element elementor-element-46b6b26 e-flex e-con-boxed e-con e-child\" data-id=\"46b6b26\" data-element_type=\"container\" data-e-type=\"container\" data-settings=\"{&quot;background_background&quot;:&quot;classic&quot;,&quot;jet_parallax_layout_list&quot;:[]}\">\n\t\t\t\t\t<div class=\"e-con-inner\">\n\t\t\t\t<div class=\"elementor-element elementor-element-947bacf elementor-widget elementor-widget-image\" data-id=\"947bacf\" data-element_type=\"widget\" data-e-type=\"widget\" data-widget_type=\"image.default\">\n\t\t\t\t<div class=\"elementor-widget-container\">\n\t\t\t\t\t\t\t\t\t\t\t\t\t\t\t<img decoding=\"async\" width=\"376\" height=\"146\" src=\"https:\/\/vw-ingredients.com\/wp-content\/uploads\/2024\/04\/heagreen.png\" class=\"attachment-large size-large wp-image-6909\" alt=\"\" srcset=\"https:\/\/vw-ingredients.com\/wp-content\/uploads\/2024\/04\/heagreen.png 376w, https:\/\/vw-ingredients.com\/wp-content\/uploads\/2024\/04\/heagreen-300x116.png 300w\" sizes=\"(max-width: 376px) 100vw, 376px\" \/>\t\t\t\t\t\t\t\t\t\t\t\t\t\t\t<\/div>\n\t\t\t\t<\/div>\n\t\t\t\t\t<\/div>\n\t\t\t\t<\/div>\n\t\t\t\t\t<\/div>\n\t\t\t\t<\/div>\n\t\t\t\t\t<\/div>\n\t\t\t\t<\/div>\n\t\t<div class=\"elementor-element elementor-element-63a21b5 e-flex e-con-boxed e-con e-parent\" data-id=\"63a21b5\" data-element_type=\"container\" data-e-type=\"container\" data-settings=\"{&quot;background_background&quot;:&quot;classic&quot;,&quot;jet_parallax_layout_list&quot;:[]}\">\n\t\t\t\t\t<div class=\"e-con-inner\">\n\t\t<div class=\"elementor-element elementor-element-da36197 e-flex e-con-boxed elementor-invisible e-con e-child\" data-id=\"da36197\" data-element_type=\"container\" data-e-type=\"container\" data-settings=\"{&quot;animation&quot;:&quot;fadeIn&quot;,&quot;animation_delay&quot;:400,&quot;jet_parallax_layout_list&quot;:[]}\">\n\t\t\t\t\t<div class=\"e-con-inner\">\n\t\t<div class=\"elementor-element elementor-element-48f0dbe e-flex e-con-boxed e-con e-child\" data-id=\"48f0dbe\" data-element_type=\"container\" data-e-type=\"container\" data-settings=\"{&quot;jet_parallax_layout_list&quot;:[]}\">\n\t\t\t\t\t<div class=\"e-con-inner\">\n\t\t\t\t<div class=\"elementor-element elementor-element-6f6fcff elementor-widget elementor-widget-heading\" data-id=\"6f6fcff\" data-element_type=\"widget\" data-e-type=\"widget\" data-widget_type=\"heading.default\">\n\t\t\t\t<div class=\"elementor-widget-container\">\n\t\t\t\t\t<h2 class=\"elementor-heading-title elementor-size-default\">Runloy<\/h2>\t\t\t\t<\/div>\n\t\t\t\t<\/div>\n\t\t\t\t<div class=\"elementor-element elementor-element-11424c6 elementor-widget elementor-widget-text-editor\" data-id=\"11424c6\" data-element_type=\"widget\" data-e-type=\"widget\" data-widget_type=\"text-editor.default\">\n\t\t\t\t<div class=\"elementor-widget-container\">\n\t\t\t\t\t\t\t\t\tEl Grupo Runloy se fund\u00f3 en 2014, y su historia industrial se remonta a 2002, cuando el equipo clave de Runloy comenz\u00f3 la exploraci\u00f3n y producci\u00f3n de Polidextrosa en China. Hoy en d\u00eda, Runloy se dedica a la I+D, la producci\u00f3n y las ventas globales de Polidextrosa Fibersse\u00ae, con sede en Huaibei, Anhui, y una capacidad total de 30.000 Tm.   \t\t\t\t\t\t\t\t<\/div>\n\t\t\t\t<\/div>\n\t\t\t\t<div class=\"elementor-element elementor-element-724bd85 elementor-widget elementor-widget-text-editor\" data-id=\"724bd85\" data-element_type=\"widget\" data-e-type=\"widget\" data-widget_type=\"text-editor.default\">\n\t\t\t\t<div class=\"elementor-widget-container\">\n\t\t\t\t\t\t\t\t\t  Respaldados por una s\u00f3lida producci\u00f3n y conocimiento del mercado, un equipo empresarial de primera clase que integra la gesti\u00f3n, la investigaci\u00f3n y el desarrollo tecnol\u00f3gicos, el servicio y el marketing, llevamos m\u00e1s de 17 a\u00f1os insistiendo apasionadamente en la fibra diet\u00e9tica. Desde el nacimiento de Runloy, creemos que la calidad, la tecnolog\u00eda y el servicio son las fuerzas motrices para hacer crecer juntos nuestro negocio con nuestros socios globales y ganar juntos en el mercado. \t\t\t\t\t\t\t\t<\/div>\n\t\t\t\t<\/div>\n\t\t\t\t\t<\/div>\n\t\t\t\t<\/div>\n\t\t<div class=\"elementor-element elementor-element-ab2d9ba e-flex e-con-boxed e-con e-child\" data-id=\"ab2d9ba\" data-element_type=\"container\" data-e-type=\"container\" data-settings=\"{&quot;background_background&quot;:&quot;classic&quot;,&quot;jet_parallax_layout_list&quot;:[]}\">\n\t\t\t\t\t<div class=\"e-con-inner\">\n\t\t\t\t<div class=\"elementor-element elementor-element-7c00638 elementor-widget elementor-widget-image\" data-id=\"7c00638\" data-element_type=\"widget\" data-e-type=\"widget\" data-widget_type=\"image.default\">\n\t\t\t\t<div class=\"elementor-widget-container\">\n\t\t\t\t\t\t\t\t\t\t\t\t\t\t\t<img decoding=\"async\" width=\"565\" height=\"233\" src=\"https:\/\/vw-ingredients.com\/wp-content\/uploads\/2024\/04\/Fibersse-logo-1.png\" class=\"attachment-large size-large wp-image-6910\" alt=\"\" srcset=\"https:\/\/vw-ingredients.com\/wp-content\/uploads\/2024\/04\/Fibersse-logo-1.png 565w, https:\/\/vw-ingredients.com\/wp-content\/uploads\/2024\/04\/Fibersse-logo-1-300x124.png 300w\" sizes=\"(max-width: 565px) 100vw, 565px\" \/>\t\t\t\t\t\t\t\t\t\t\t\t\t\t\t<\/div>\n\t\t\t\t<\/div>\n\t\t\t\t\t<\/div>\n\t\t\t\t<\/div>\n\t\t\t\t\t<\/div>\n\t\t\t\t<\/div>\n\t\t\t\t\t<\/div>\n\t\t\t\t<\/div>\n\t\t\t\t<\/div>\n\t\t","protected":false},"excerpt":{"rendered":"<p>Nuestros socios Desde los a\u00f1os 80 hemos establecido relaciones de confianza con productores de China. Aojing Biotecnolog\u00eda Co. Ltd. Aojing Biotechnology Co. Ltd. empez\u00f3 en 2017, pero ya se fund\u00f3 en 1985. Fabrican y venden principalmente series de extractos de stevia. La capacidad de producci\u00f3n de Aojing Biotechnology est\u00e1 a la cabeza internacionalmente. Son uno [&hellip;]<\/p>\n","protected":false},"author":6,"featured_media":6907,"parent":0,"menu_order":0,"comment_status":"closed","ping_status":"closed","template":"elementor_header_footer","meta":{"_acf_changed":false,"footnotes":""},"class_list":["post-6901","page","type-page","status-publish","has-post-thumbnail","hentry"],"acf":[],"yoast_head":"<!-- This site is optimized with the Yoast SEO plugin v27.3 - https:\/\/yoast.com\/product\/yoast-seo-wordpress\/ -->\n<title>Nuestros socios | Van Wankum Ingredients<\/title>\n<meta name=\"description\" content=\"Jubang Pharmaceutical, Angel Yeast Co y Aoxing Stevia son nuestros socios. M\u00e1s informaci\u00f3n sobre nuestros socios en esta p\u00e1gina.\" \/>\n<meta name=\"robots\" content=\"index, follow, max-snippet:-1, max-image-preview:large, max-video-preview:-1\" \/>\n<link rel=\"canonical\" href=\"https:\/\/vw-ingredients.com\/es\/nuestros-socios\" \/>\n<meta property=\"og:locale\" content=\"es_ES\" \/>\n<meta property=\"og:type\" content=\"article\" \/>\n<meta property=\"og:title\" content=\"Nuestros socios | Van Wankum Ingredients\" \/>\n<meta property=\"og:description\" content=\"Jubang Pharmaceutical, Angel Yeast Co y Aoxing Stevia son nuestros socios. M\u00e1s informaci\u00f3n sobre nuestros socios en esta p\u00e1gina.\" \/>\n<meta property=\"og:url\" content=\"https:\/\/vw-ingredients.com\/es\/nuestros-socios\" \/>\n<meta property=\"og:site_name\" content=\"Van Wankum Ingredients\" \/>\n<meta property=\"article:modified_time\" content=\"2025-01-21T15:56:53+00:00\" \/>\n<meta property=\"og:image\" content=\"https:\/\/vw-ingredients.com\/wp-content\/uploads\/2024\/04\/banner-vwi-partners.jpg\" \/>\n\t<meta property=\"og:image:width\" content=\"1920\" \/>\n\t<meta property=\"og:image:height\" content=\"569\" \/>\n\t<meta property=\"og:image:type\" content=\"image\/jpeg\" \/>\n<meta name=\"twitter:card\" content=\"summary_large_image\" \/>\n<meta name=\"twitter:label1\" content=\"Tiempo de lectura\" \/>\n\t<meta name=\"twitter:data1\" content=\"3 minutos\" \/>\n<script type=\"application\/ld+json\" class=\"yoast-schema-graph\">{\"@context\":\"https:\\\/\\\/schema.org\",\"@graph\":[{\"@type\":\"WebPage\",\"@id\":\"https:\\\/\\\/vw-ingredients.com\\\/es\\\/nuestros-socios\",\"url\":\"https:\\\/\\\/vw-ingredients.com\\\/es\\\/nuestros-socios\",\"name\":\"Nuestros socios | Van Wankum Ingredients\",\"isPartOf\":{\"@id\":\"https:\\\/\\\/vw-ingredients.com\\\/es#website\"},\"primaryImageOfPage\":{\"@id\":\"https:\\\/\\\/vw-ingredients.com\\\/es\\\/nuestros-socios#primaryimage\"},\"image\":{\"@id\":\"https:\\\/\\\/vw-ingredients.com\\\/es\\\/nuestros-socios#primaryimage\"},\"thumbnailUrl\":\"https:\\\/\\\/vw-ingredients.com\\\/wp-content\\\/uploads\\\/2024\\\/04\\\/banner-vwi-partners.jpg\",\"datePublished\":\"2021-10-12T13:10:22+00:00\",\"dateModified\":\"2025-01-21T15:56:53+00:00\",\"description\":\"Jubang Pharmaceutical, Angel Yeast Co y Aoxing Stevia son nuestros socios. M\u00e1s informaci\u00f3n sobre nuestros socios en esta p\u00e1gina.\",\"breadcrumb\":{\"@id\":\"https:\\\/\\\/vw-ingredients.com\\\/es\\\/nuestros-socios#breadcrumb\"},\"inLanguage\":\"es\",\"potentialAction\":[{\"@type\":\"ReadAction\",\"target\":[\"https:\\\/\\\/vw-ingredients.com\\\/es\\\/nuestros-socios\"]}]},{\"@type\":\"ImageObject\",\"inLanguage\":\"es\",\"@id\":\"https:\\\/\\\/vw-ingredients.com\\\/es\\\/nuestros-socios#primaryimage\",\"url\":\"https:\\\/\\\/vw-ingredients.com\\\/wp-content\\\/uploads\\\/2024\\\/04\\\/banner-vwi-partners.jpg\",\"contentUrl\":\"https:\\\/\\\/vw-ingredients.com\\\/wp-content\\\/uploads\\\/2024\\\/04\\\/banner-vwi-partners.jpg\",\"width\":1920,\"height\":569},{\"@type\":\"BreadcrumbList\",\"@id\":\"https:\\\/\\\/vw-ingredients.com\\\/es\\\/nuestros-socios#breadcrumb\",\"itemListElement\":[{\"@type\":\"ListItem\",\"position\":1,\"name\":\"Home\",\"item\":\"https:\\\/\\\/vw-ingredients.com\\\/es\"},{\"@type\":\"ListItem\",\"position\":2,\"name\":\"Nuestros socios\"}]},{\"@type\":\"WebSite\",\"@id\":\"https:\\\/\\\/vw-ingredients.com\\\/es#website\",\"url\":\"https:\\\/\\\/vw-ingredients.com\\\/es\",\"name\":\"Van Wankum Ingredients\",\"description\":\"\",\"potentialAction\":[{\"@type\":\"SearchAction\",\"target\":{\"@type\":\"EntryPoint\",\"urlTemplate\":\"https:\\\/\\\/vw-ingredients.com\\\/es?s={search_term_string}\"},\"query-input\":{\"@type\":\"PropertyValueSpecification\",\"valueRequired\":true,\"valueName\":\"search_term_string\"}}],\"inLanguage\":\"es\"}]}<\/script>\n<!-- \/ Yoast SEO plugin. -->","yoast_head_json":{"title":"Nuestros socios | Van Wankum Ingredients","description":"Jubang Pharmaceutical, Angel Yeast Co y Aoxing Stevia son nuestros socios. M\u00e1s informaci\u00f3n sobre nuestros socios en esta p\u00e1gina.","robots":{"index":"index","follow":"follow","max-snippet":"max-snippet:-1","max-image-preview":"max-image-preview:large","max-video-preview":"max-video-preview:-1"},"canonical":"https:\/\/vw-ingredients.com\/es\/nuestros-socios","og_locale":"es_ES","og_type":"article","og_title":"Nuestros socios | Van Wankum Ingredients","og_description":"Jubang Pharmaceutical, Angel Yeast Co y Aoxing Stevia son nuestros socios. M\u00e1s informaci\u00f3n sobre nuestros socios en esta p\u00e1gina.","og_url":"https:\/\/vw-ingredients.com\/es\/nuestros-socios","og_site_name":"Van Wankum Ingredients","article_modified_time":"2025-01-21T15:56:53+00:00","og_image":[{"width":1920,"height":569,"url":"https:\/\/vw-ingredients.com\/wp-content\/uploads\/2024\/04\/banner-vwi-partners.jpg","type":"image\/jpeg"}],"twitter_card":"summary_large_image","twitter_misc":{"Tiempo de lectura":"3 minutos"},"schema":{"@context":"https:\/\/schema.org","@graph":[{"@type":"WebPage","@id":"https:\/\/vw-ingredients.com\/es\/nuestros-socios","url":"https:\/\/vw-ingredients.com\/es\/nuestros-socios","name":"Nuestros socios | Van Wankum Ingredients","isPartOf":{"@id":"https:\/\/vw-ingredients.com\/es#website"},"primaryImageOfPage":{"@id":"https:\/\/vw-ingredients.com\/es\/nuestros-socios#primaryimage"},"image":{"@id":"https:\/\/vw-ingredients.com\/es\/nuestros-socios#primaryimage"},"thumbnailUrl":"https:\/\/vw-ingredients.com\/wp-content\/uploads\/2024\/04\/banner-vwi-partners.jpg","datePublished":"2021-10-12T13:10:22+00:00","dateModified":"2025-01-21T15:56:53+00:00","description":"Jubang Pharmaceutical, Angel Yeast Co y Aoxing Stevia son nuestros socios. M\u00e1s informaci\u00f3n sobre nuestros socios en esta p\u00e1gina.","breadcrumb":{"@id":"https:\/\/vw-ingredients.com\/es\/nuestros-socios#breadcrumb"},"inLanguage":"es","potentialAction":[{"@type":"ReadAction","target":["https:\/\/vw-ingredients.com\/es\/nuestros-socios"]}]},{"@type":"ImageObject","inLanguage":"es","@id":"https:\/\/vw-ingredients.com\/es\/nuestros-socios#primaryimage","url":"https:\/\/vw-ingredients.com\/wp-content\/uploads\/2024\/04\/banner-vwi-partners.jpg","contentUrl":"https:\/\/vw-ingredients.com\/wp-content\/uploads\/2024\/04\/banner-vwi-partners.jpg","width":1920,"height":569},{"@type":"BreadcrumbList","@id":"https:\/\/vw-ingredients.com\/es\/nuestros-socios#breadcrumb","itemListElement":[{"@type":"ListItem","position":1,"name":"Home","item":"https:\/\/vw-ingredients.com\/es"},{"@type":"ListItem","position":2,"name":"Nuestros socios"}]},{"@type":"WebSite","@id":"https:\/\/vw-ingredients.com\/es#website","url":"https:\/\/vw-ingredients.com\/es","name":"Van Wankum Ingredients","description":"","potentialAction":[{"@type":"SearchAction","target":{"@type":"EntryPoint","urlTemplate":"https:\/\/vw-ingredients.com\/es?s={search_term_string}"},"query-input":{"@type":"PropertyValueSpecification","valueRequired":true,"valueName":"search_term_string"}}],"inLanguage":"es"}]}},"_links":{"self":[{"href":"https:\/\/vw-ingredients.com\/es\/wp-json\/wp\/v2\/pages\/6901","targetHints":{"allow":["GET"]}}],"collection":[{"href":"https:\/\/vw-ingredients.com\/es\/wp-json\/wp\/v2\/pages"}],"about":[{"href":"https:\/\/vw-ingredients.com\/es\/wp-json\/wp\/v2\/types\/page"}],"author":[{"embeddable":true,"href":"https:\/\/vw-ingredients.com\/es\/wp-json\/wp\/v2\/users\/6"}],"replies":[{"embeddable":true,"href":"https:\/\/vw-ingredients.com\/es\/wp-json\/wp\/v2\/comments?post=6901"}],"version-history":[{"count":2,"href":"https:\/\/vw-ingredients.com\/es\/wp-json\/wp\/v2\/pages\/6901\/revisions"}],"predecessor-version":[{"id":6912,"href":"https:\/\/vw-ingredients.com\/es\/wp-json\/wp\/v2\/pages\/6901\/revisions\/6912"}],"wp:featuredmedia":[{"embeddable":true,"href":"https:\/\/vw-ingredients.com\/es\/wp-json\/wp\/v2\/media\/6907"}],"wp:attachment":[{"href":"https:\/\/vw-ingredients.com\/es\/wp-json\/wp\/v2\/media?parent=6901"}],"curies":[{"name":"wp","href":"https:\/\/api.w.org\/{rel}","templated":true}]}}